{"id":16445,"date":"2024-03-08T13:22:55","date_gmt":"2024-03-08T12:22:55","guid":{"rendered":"https:\/\/www.promotio.sk\/shop\/nezaraden\u00e9\/okele\/"},"modified":"2024-03-08T13:30:15","modified_gmt":"2024-03-08T12:30:15","slug":"okele","status":"publish","type":"product","link":"https:\/\/www.promotio.sk\/sk\/shop\/promo-items\/mugs-cups-tableware\/mugs\/okele\/","title":{"rendered":"OKELE"},"content":{"rendered":"<p>Dvojstenn\u00fd termohrn\u010dek z nehrdzavej\u00facej ocele 304. Nepriepustn\u00fd skrutkovac\u00ed uz\u00e1ver a praktick\u00e9 veko, ktor\u00e9 mo\u017eno pou\u017ei\u0165 na pitie. Kapacita 450 ml.<br \/>Zlo\u017eenie: Acero inoxidable<br \/>Pozn\u00e1mky: Tepeln\u00e1 kapacita: 6 hod\u00edn za tepla a 15 hod\u00edn za studena.<br \/>\nProti kvapkaniu.<br \/>\nPrezent\u00e1cia v dizajnovom boxe.<\/p>","protected":false},"excerpt":{"rendered":"<p>Double-walled 304 stainless steel thermal cup. Leakproof screw-cap and practical lid which can be used for drinking. 450 ml capacity.Composition:<\/p>","protected":false},"featured_media":16446,"comment_status":"open","ping_status":"closed","template":"","meta":[],"product_cat":[374,372,371],"product_tag":[],"class_list":{"0":"post-16445","1":"product","2":"type-product","3":"status-publish","4":"has-post-thumbnail","6":"product_cat-cups-jars","7":"product_cat-mugs","8":"product_cat-mugs-cups-tableware","10":"first","11":"instock","12":"shipping-taxable","13":"purchasable","14":"product-type-variable"},"_links":{"self":[{"href":"https:\/\/www.promotio.sk\/sk\/wp-json\/wp\/v2\/product\/16445","targetHints":{"allow":["GET"]}}],"collection":[{"href":"https:\/\/www.promotio.sk\/sk\/wp-json\/wp\/v2\/product"}],"about":[{"href":"https:\/\/www.promotio.sk\/sk\/wp-json\/wp\/v2\/types\/product"}],"replies":[{"embeddable":true,"href":"https:\/\/www.promotio.sk\/sk\/wp-json\/wp\/v2\/comments?post=16445"}],"wp:featuredmedia":[{"embeddable":true,"href":"https:\/\/www.promotio.sk\/sk\/wp-json\/wp\/v2\/media\/16446"}],"wp:attachment":[{"href":"https:\/\/www.promotio.sk\/sk\/wp-json\/wp\/v2\/media?parent=16445"}],"wp:term":[{"taxonomy":"product_cat","embeddable":true,"href":"https:\/\/www.promotio.sk\/sk\/wp-json\/wp\/v2\/product_cat?post=16445"},{"taxonomy":"product_tag","embeddable":true,"href":"https:\/\/www.promotio.sk\/sk\/wp-json\/wp\/v2\/product_tag?post=16445"}],"curies":[{"name":"wp","href":"https:\/\/api.w.org\/{rel}","templated":true}]}}