{"id":16419,"date":"2024-03-08T13:20:04","date_gmt":"2024-03-08T12:20:04","guid":{"rendered":"https:\/\/www.promotio.sk\/shop\/nezaraden\u00e9\/track\/"},"modified":"2024-03-08T13:21:17","modified_gmt":"2024-03-08T12:21:17","slug":"track","status":"publish","type":"product","link":"https:\/\/www.promotio.sk\/sk\/shop\/promo-items\/mugs-cups-tableware\/mugs\/track\/","title":{"rendered":"TRACK"},"content":{"rendered":"<p>Skladac\u00ed poh\u00e1r s objemom 230 ml ide\u00e1lny na \u0161portov\u00e9 podujatia a na udr\u017eanie hydrat\u00e1cie bez straty \u010dasu. Odoln\u00fd TPU sa v\u010faka svojej flexibilite prisp\u00f4sob\u00ed ak\u00e9muko\u013evek miestu pre praktick\u00e9 ulo\u017eenie.<br \/>Zlo\u017eenie: TPU<br \/>Pozn\u00e1mky: Nie je mo\u017en\u00e9 um\u00fdva\u0165 v um\u00fdva\u010dke riadu.<\/p>","protected":false},"excerpt":{"rendered":"<p>Folding cup of 230 ml ideal for sporting events and to keep you hydrated without wasting time. Thanks to its<\/p>","protected":false},"featured_media":16420,"comment_status":"open","ping_status":"closed","template":"","meta":[],"product_cat":[374,372,371],"product_tag":[],"class_list":{"0":"post-16419","1":"product","2":"type-product","3":"status-publish","4":"has-post-thumbnail","6":"product_cat-cups-jars","7":"product_cat-mugs","8":"product_cat-mugs-cups-tableware","10":"first","11":"instock","12":"shipping-taxable","13":"purchasable","14":"product-type-variable"},"_links":{"self":[{"href":"https:\/\/www.promotio.sk\/sk\/wp-json\/wp\/v2\/product\/16419","targetHints":{"allow":["GET"]}}],"collection":[{"href":"https:\/\/www.promotio.sk\/sk\/wp-json\/wp\/v2\/product"}],"about":[{"href":"https:\/\/www.promotio.sk\/sk\/wp-json\/wp\/v2\/types\/product"}],"replies":[{"embeddable":true,"href":"https:\/\/www.promotio.sk\/sk\/wp-json\/wp\/v2\/comments?post=16419"}],"wp:featuredmedia":[{"embeddable":true,"href":"https:\/\/www.promotio.sk\/sk\/wp-json\/wp\/v2\/media\/16420"}],"wp:attachment":[{"href":"https:\/\/www.promotio.sk\/sk\/wp-json\/wp\/v2\/media?parent=16419"}],"wp:term":[{"taxonomy":"product_cat","embeddable":true,"href":"https:\/\/www.promotio.sk\/sk\/wp-json\/wp\/v2\/product_cat?post=16419"},{"taxonomy":"product_tag","embeddable":true,"href":"https:\/\/www.promotio.sk\/sk\/wp-json\/wp\/v2\/product_tag?post=16419"}],"curies":[{"name":"wp","href":"https:\/\/api.w.org\/{rel}","templated":true}]}}