{"id":16402,"date":"2024-03-08T13:18:18","date_gmt":"2024-03-08T12:18:18","guid":{"rendered":"https:\/\/www.promotio.sk\/shop\/nezaraden\u00e9\/tanik\/"},"modified":"2024-03-08T13:19:59","modified_gmt":"2024-03-08T12:19:59","slug":"tanik","status":"publish","type":"product","link":"https:\/\/www.promotio.sk\/sk\/shop\/promo-items\/mugs-cups-tableware\/mugs\/tanik\/","title":{"rendered":"TAN\u00cdK"},"content":{"rendered":"<p>Dvojstenn\u00fd termohrn\u010dek z nehrdzavej\u00facej ocele 304 je ide\u00e1lnou vo\u013ebou na udr\u017eanie va\u0161ich n\u00e1pojov dlh\u0161ie hor\u00face alebo studen\u00e9. S kapacitou 250 ml je ide\u00e1lne vzia\u0165 so sebou na ka\u017ed\u00fa pr\u00edle\u017eitos\u0165. PP veko m\u00e1 z\u00e1vit proti vyte\u010deniu a praktick\u00fd uz\u00e1ver na pitie, ktor\u00fd zais\u0165uje, \u017ee ned\u00f4jde k n\u00e1hodn\u00e9mu rozliatiu. Jeho kon\u0161trukcia s dvojitou stenou zais\u0165uje optim\u00e1lnu izol\u00e1ciu a udr\u017eiava teplotu va\u0161ich n\u00e1pojov bez ovplyvnenia vonkaj\u0161ej teploty f\u013ea\u0161e. Jeho gumen\u00e1 proti\u0161mykov\u00e1 z\u00e1klad\u0148a navy\u0161e poskytuje stabilitu a zabra\u0148uje mo\u017en\u00e9mu po\u0161myknutiu. \u010ci u\u017e v kancel\u00e1rii, na v\u00fdlete alebo doma, tento termohrn\u010dek v\u00e1m pon\u00faka pohodlie a funk\u010dnos\u0165, aby ste si mohli kedyko\u013evek vychutna\u0165 svoje ob\u013e\u00faben\u00e9 n\u00e1poje.<br \/>Zlo\u017eenie: Acero inoxidable.<br \/>Pozn\u00e1mky: Presentaci\u00f3n en caja dise\u00f1o.<\/p>","protected":false},"excerpt":{"rendered":"<p>Double-walled 304 stainless steel thermal cup, it is the perfect choice to keep your drinks hot or cold for longer.<\/p>","protected":false},"featured_media":16403,"comment_status":"open","ping_status":"closed","template":"","meta":[],"product_cat":[374,372,371],"product_tag":[],"class_list":{"0":"post-16402","1":"product","2":"type-product","3":"status-publish","4":"has-post-thumbnail","6":"product_cat-cups-jars","7":"product_cat-mugs","8":"product_cat-mugs-cups-tableware","10":"first","11":"instock","12":"shipping-taxable","13":"purchasable","14":"product-type-variable"},"_links":{"self":[{"href":"https:\/\/www.promotio.sk\/sk\/wp-json\/wp\/v2\/product\/16402","targetHints":{"allow":["GET"]}}],"collection":[{"href":"https:\/\/www.promotio.sk\/sk\/wp-json\/wp\/v2\/product"}],"about":[{"href":"https:\/\/www.promotio.sk\/sk\/wp-json\/wp\/v2\/types\/product"}],"replies":[{"embeddable":true,"href":"https:\/\/www.promotio.sk\/sk\/wp-json\/wp\/v2\/comments?post=16402"}],"wp:featuredmedia":[{"embeddable":true,"href":"https:\/\/www.promotio.sk\/sk\/wp-json\/wp\/v2\/media\/16403"}],"wp:attachment":[{"href":"https:\/\/www.promotio.sk\/sk\/wp-json\/wp\/v2\/media?parent=16402"}],"wp:term":[{"taxonomy":"product_cat","embeddable":true,"href":"https:\/\/www.promotio.sk\/sk\/wp-json\/wp\/v2\/product_cat?post=16402"},{"taxonomy":"product_tag","embeddable":true,"href":"https:\/\/www.promotio.sk\/sk\/wp-json\/wp\/v2\/product_tag?post=16402"}],"curies":[{"name":"wp","href":"https:\/\/api.w.org\/{rel}","templated":true}]}}