{"id":16388,"date":"2024-03-08T13:16:43","date_gmt":"2024-03-08T12:16:43","guid":{"rendered":"https:\/\/www.promotio.sk\/shop\/nezaraden\u00e9\/kilvex\/"},"modified":"2024-03-08T13:18:14","modified_gmt":"2024-03-08T12:18:14","slug":"kilvex","status":"publish","type":"product","link":"https:\/\/www.promotio.sk\/sk\/shop\/promo-items\/mugs-cups-tableware\/mugs\/kilvex\/","title":{"rendered":"KILVEX"},"content":{"rendered":"<p>Recyklovan\u00fd poh\u00e1r z nehrdzavej\u00facej ocele 304 je trvalou a \u0161t\u00fdlovou vo\u013ebou, ako si vychutna\u0165 svoje ob\u013e\u00faben\u00e9 n\u00e1poje. S kapacitou 350 ml je ide\u00e1lny na to, aby ste si ho vzali so sebou kamko\u013evek idete. Korkov\u00e1 z\u00e1klad\u0148a nielen\u017ee dod\u00e1va n\u00e1dych jedine\u010dn\u00e9ho \u0161t\u00fdlu, ale poskytuje aj proti\u0161mykov\u00fa pri\u013enavos\u0165. Tento poh\u00e1r vyroben\u00fd z recyklovanej nehrdzavej\u00facej ocele je trv\u00e1cny a odoln\u00fd vo\u010di kor\u00f3zii. Jeho dizajn s dvojitou stenou navy\u0161e udr\u017e\u00ed va\u0161e n\u00e1poje dlh\u0161ie tepl\u00e9 alebo studen\u00e9. \u010ci u\u017e ste doma, v pr\u00e1ci alebo pri va\u0161ich outdoorov\u00fdch aktivit\u00e1ch, tento poh\u00e1r v\u00e1m pon\u00faka dokonal\u00fa kombin\u00e1ciu funk\u010dnosti a udr\u017eate\u013enosti.<br \/>Zlo\u017eenie: Acero reciclado inoxidable.<br \/>Pozn\u00e1mky: Presentaci\u00f3n en caja dise\u00f1o eco.<\/p>","protected":false},"excerpt":{"rendered":"<p>The recycled 304 stainless steel cup is a sustainable and stylish choice to enjoy your favourite drinks. With a 350ml<\/p>","protected":false},"featured_media":16389,"comment_status":"open","ping_status":"closed","template":"","meta":[],"product_cat":[374,372,371],"product_tag":[],"class_list":{"0":"post-16388","1":"product","2":"type-product","3":"status-publish","4":"has-post-thumbnail","6":"product_cat-cups-jars","7":"product_cat-mugs","8":"product_cat-mugs-cups-tableware","10":"first","11":"instock","12":"shipping-taxable","13":"purchasable","14":"product-type-variable"},"_links":{"self":[{"href":"https:\/\/www.promotio.sk\/sk\/wp-json\/wp\/v2\/product\/16388","targetHints":{"allow":["GET"]}}],"collection":[{"href":"https:\/\/www.promotio.sk\/sk\/wp-json\/wp\/v2\/product"}],"about":[{"href":"https:\/\/www.promotio.sk\/sk\/wp-json\/wp\/v2\/types\/product"}],"replies":[{"embeddable":true,"href":"https:\/\/www.promotio.sk\/sk\/wp-json\/wp\/v2\/comments?post=16388"}],"wp:featuredmedia":[{"embeddable":true,"href":"https:\/\/www.promotio.sk\/sk\/wp-json\/wp\/v2\/media\/16389"}],"wp:attachment":[{"href":"https:\/\/www.promotio.sk\/sk\/wp-json\/wp\/v2\/media?parent=16388"}],"wp:term":[{"taxonomy":"product_cat","embeddable":true,"href":"https:\/\/www.promotio.sk\/sk\/wp-json\/wp\/v2\/product_cat?post=16388"},{"taxonomy":"product_tag","embeddable":true,"href":"https:\/\/www.promotio.sk\/sk\/wp-json\/wp\/v2\/product_tag?post=16388"}],"curies":[{"name":"wp","href":"https:\/\/api.w.org\/{rel}","templated":true}]}}