{"id":16381,"date":"2024-03-08T13:16:06","date_gmt":"2024-03-08T12:16:06","guid":{"rendered":"https:\/\/www.promotio.sk\/shop\/nezaraden\u00e9\/fernet\/"},"modified":"2024-03-08T13:16:38","modified_gmt":"2024-03-08T12:16:38","slug":"fernet","status":"publish","type":"product","link":"https:\/\/www.promotio.sk\/sk\/shop\/promo-items\/mugs-cups-tableware\/mugs\/fernet\/","title":{"rendered":"FERNET"},"content":{"rendered":"<p>\u0160\u00e1lka z nehrdzavej\u00facej ocele s vonkaj\u0161\u00edm meden\u00fdm povlakom je \u0161t\u00fdlovou a modernou vo\u013ebou na vychutnanie si ob\u013e\u00faben\u00fdch n\u00e1pojov. T\u00e1to \u0161\u00e1lka s objemom 500 ml v\u00e1m umo\u017en\u00ed vychutna\u0165 si dobr\u00e9 mno\u017estvo tekutiny, \u010di u\u017e ide o k\u00e1vu, \u010daj, vodu alebo ak\u00fdko\u013evek in\u00fd n\u00e1poj pod\u013ea v\u00e1\u0161ho v\u00fdberu.<br \/>\nVonkaj\u0161\u00ed meden\u00fd povlak dod\u00e1va \u0161\u00e1lke v\u00fdrazn\u00fd a atrakt\u00edvny n\u00e1dych a dod\u00e1va jej tepl\u00fd a sofistikovan\u00fd lesk. Nerezov\u00e1 oce\u013e zais\u0165uje jej odolnos\u0165 a pevnos\u0165, v\u010faka \u010domu je d\u00f4veryhodn\u00fdm spolo\u010dn\u00edkom pre v\u0161etky va\u0161e ka\u017edodenn\u00e9 aktivity.<br \/>\nPoh\u00e1r je navy\u0161e dod\u00e1van\u00fd v dizajnovej krabi\u010dke, v\u010faka \u010domu je ide\u00e1lnym dar\u010dekom pre priate\u013eov, rodinu alebo kolegov. T\u00e1to elegantn\u00e1 a premyslen\u00e1 prezent\u00e1cia dod\u00e1va produktu osobit\u00fd n\u00e1dych a ukazuje va\u0161u pozornos\u0165 venovan\u00fa detailom.<br \/>\n\u010ci u\u017e ho pou\u017e\u00edvate doma, v kancel\u00e1rii alebo na cest\u00e1ch, tento poh\u00e1r z nehrdzavej\u00facej ocele s meden\u00fdm povrchom v\u00e1m poskytne jedine\u010dn\u00fd a uspokojiv\u00fd z\u00e1\u017eitok z pitia. Vychutnajte si kvalitu a \u0161t\u00fdl, ktor\u00fd pon\u00faka tento poh\u00e1r a prekvapte svojich bl\u00edzkych \u0161peci\u00e1lnym a vkusn\u00fdm dar\u010dekom.<br \/>Zlo\u017eenie: Acero inoxidable.<br \/>Pozn\u00e1mky: Presentaci\u00f3n en caja dise\u00f1o.<\/p>","protected":false},"excerpt":{"rendered":"<p>The stainless steel cup with outer copper coating is a stylish and modern choice for enjoying your favourite drinks. With<\/p>","protected":false},"featured_media":16382,"comment_status":"open","ping_status":"closed","template":"","meta":[],"product_cat":[374,372,371],"product_tag":[],"class_list":{"0":"post-16381","1":"product","2":"type-product","3":"status-publish","4":"has-post-thumbnail","6":"product_cat-cups-jars","7":"product_cat-mugs","8":"product_cat-mugs-cups-tableware","10":"first","11":"instock","12":"shipping-taxable","13":"purchasable","14":"product-type-variable"},"_links":{"self":[{"href":"https:\/\/www.promotio.sk\/sk\/wp-json\/wp\/v2\/product\/16381","targetHints":{"allow":["GET"]}}],"collection":[{"href":"https:\/\/www.promotio.sk\/sk\/wp-json\/wp\/v2\/product"}],"about":[{"href":"https:\/\/www.promotio.sk\/sk\/wp-json\/wp\/v2\/types\/product"}],"replies":[{"embeddable":true,"href":"https:\/\/www.promotio.sk\/sk\/wp-json\/wp\/v2\/comments?post=16381"}],"wp:featuredmedia":[{"embeddable":true,"href":"https:\/\/www.promotio.sk\/sk\/wp-json\/wp\/v2\/media\/16382"}],"wp:attachment":[{"href":"https:\/\/www.promotio.sk\/sk\/wp-json\/wp\/v2\/media?parent=16381"}],"wp:term":[{"taxonomy":"product_cat","embeddable":true,"href":"https:\/\/www.promotio.sk\/sk\/wp-json\/wp\/v2\/product_cat?post=16381"},{"taxonomy":"product_tag","embeddable":true,"href":"https:\/\/www.promotio.sk\/sk\/wp-json\/wp\/v2\/product_tag?post=16381"}],"curies":[{"name":"wp","href":"https:\/\/api.w.org\/{rel}","templated":true}]}}