{"id":16373,"date":"2024-03-08T13:15:16","date_gmt":"2024-03-08T12:15:16","guid":{"rendered":"https:\/\/www.promotio.sk\/shop\/nezaraden\u00e9\/pana\/"},"modified":"2024-03-08T13:15:59","modified_gmt":"2024-03-08T12:15:59","slug":"pana","status":"publish","type":"product","link":"https:\/\/www.promotio.sk\/sk\/shop\/promo-items\/mugs-cups-tableware\/mugs\/pana\/","title":{"rendered":"PANA"},"content":{"rendered":"<p>Nerezov\u00fd hrn\u010dek s dvojitou stenou a bambusov\u00fdm exteri\u00e9rom. Obsahuje meracie veko. Kapacita 340 ml. Tento fantastick\u00fd hrn\u010dek je najkompletnej\u0161\u00ed, vyu\u017eijete ho doma aj vonku, to v\u0161etko v kombin\u00e1cii s elegantn\u00fdm dizajnom.<br \/>\n<br \/>Zlo\u017eenie: Nerezov\u00e1 oce\u013e a bambus.<br \/>Pozn\u00e1mky: Tepeln\u00e1 kapacita: 6 hod\u00edn za tepla a 15 hod\u00edn za studena.<br \/>\nPrezent\u00e1cia v ekologickom dizajnovom boxe.<br \/>\nNevhodn\u00e9 do um\u00fdva\u010dky riadu.<\/p>","protected":false},"excerpt":{"rendered":"<p>Stainless steel mug with double wall and bamboo exterior. Includes measuring lid. 340 ml capacity. This fantastic mug is the<\/p>","protected":false},"featured_media":16374,"comment_status":"open","ping_status":"closed","template":"","meta":[],"product_cat":[372,371],"product_tag":[],"class_list":{"0":"post-16373","1":"product","2":"type-product","3":"status-publish","4":"has-post-thumbnail","6":"product_cat-mugs","7":"product_cat-mugs-cups-tableware","9":"first","10":"instock","11":"shipping-taxable","12":"purchasable","13":"product-type-variable"},"_links":{"self":[{"href":"https:\/\/www.promotio.sk\/sk\/wp-json\/wp\/v2\/product\/16373","targetHints":{"allow":["GET"]}}],"collection":[{"href":"https:\/\/www.promotio.sk\/sk\/wp-json\/wp\/v2\/product"}],"about":[{"href":"https:\/\/www.promotio.sk\/sk\/wp-json\/wp\/v2\/types\/product"}],"replies":[{"embeddable":true,"href":"https:\/\/www.promotio.sk\/sk\/wp-json\/wp\/v2\/comments?post=16373"}],"wp:featuredmedia":[{"embeddable":true,"href":"https:\/\/www.promotio.sk\/sk\/wp-json\/wp\/v2\/media\/16374"}],"wp:attachment":[{"href":"https:\/\/www.promotio.sk\/sk\/wp-json\/wp\/v2\/media?parent=16373"}],"wp:term":[{"taxonomy":"product_cat","embeddable":true,"href":"https:\/\/www.promotio.sk\/sk\/wp-json\/wp\/v2\/product_cat?post=16373"},{"taxonomy":"product_tag","embeddable":true,"href":"https:\/\/www.promotio.sk\/sk\/wp-json\/wp\/v2\/product_tag?post=16373"}],"curies":[{"name":"wp","href":"https:\/\/api.w.org\/{rel}","templated":true}]}}