{"id":16336,"date":"2024-03-08T13:10:35","date_gmt":"2024-03-08T12:10:35","guid":{"rendered":"https:\/\/www.promotio.sk\/shop\/nezaraden\u00e9\/lemon\/"},"modified":"2024-03-08T13:12:20","modified_gmt":"2024-03-08T12:12:20","slug":"lemon","status":"publish","type":"product","link":"https:\/\/www.promotio.sk\/sk\/shop\/promo-items\/mugs-cups-tableware\/mugs\/lemon\/","title":{"rendered":"CITR\u00d3N"},"content":{"rendered":"<p>350 ml vysoko kvalitn\u00fd keramick\u00fd hrn\u010dek \u0161peci\u00e1lne pre sublim\u00e1ciu. Neobsahuje samostatn\u00fa krabicu. Dod\u00e1van\u00e9 v krabici po 36 kusoch.<br \/>Zlo\u017eenie: Keramika<br \/>Pozn\u00e1mky: Volite\u013en\u00fd samostatn\u00fd box. Pod\u00e1va sa samostatne. Pora\u010fte sa<\/p>","protected":false},"excerpt":{"rendered":"<p>350ml high quality ceramic mug special for sublimation. Does not include individual box. Presented in a box of 36 units.Composition:<\/p>","protected":false},"featured_media":16337,"comment_status":"open","ping_status":"closed","template":"","meta":[],"product_cat":[372,371],"product_tag":[],"class_list":{"0":"post-16336","1":"product","2":"type-product","3":"status-publish","4":"has-post-thumbnail","6":"product_cat-mugs","7":"product_cat-mugs-cups-tableware","9":"first","10":"instock","11":"shipping-taxable","12":"purchasable","13":"product-type-variable"},"_links":{"self":[{"href":"https:\/\/www.promotio.sk\/sk\/wp-json\/wp\/v2\/product\/16336","targetHints":{"allow":["GET"]}}],"collection":[{"href":"https:\/\/www.promotio.sk\/sk\/wp-json\/wp\/v2\/product"}],"about":[{"href":"https:\/\/www.promotio.sk\/sk\/wp-json\/wp\/v2\/types\/product"}],"replies":[{"embeddable":true,"href":"https:\/\/www.promotio.sk\/sk\/wp-json\/wp\/v2\/comments?post=16336"}],"wp:featuredmedia":[{"embeddable":true,"href":"https:\/\/www.promotio.sk\/sk\/wp-json\/wp\/v2\/media\/16337"}],"wp:attachment":[{"href":"https:\/\/www.promotio.sk\/sk\/wp-json\/wp\/v2\/media?parent=16336"}],"wp:term":[{"taxonomy":"product_cat","embeddable":true,"href":"https:\/\/www.promotio.sk\/sk\/wp-json\/wp\/v2\/product_cat?post=16336"},{"taxonomy":"product_tag","embeddable":true,"href":"https:\/\/www.promotio.sk\/sk\/wp-json\/wp\/v2\/product_tag?post=16336"}],"curies":[{"name":"wp","href":"https:\/\/api.w.org\/{rel}","templated":true}]}}