{"id":16328,"date":"2024-03-08T13:09:46","date_gmt":"2024-03-08T12:09:46","guid":{"rendered":"https:\/\/www.promotio.sk\/shop\/nezaraden\u00e9\/indal\/"},"modified":"2024-03-08T13:10:32","modified_gmt":"2024-03-08T12:10:32","slug":"indal","status":"publish","type":"product","link":"https:\/\/www.promotio.sk\/sk\/shop\/promo-items\/mugs-cups-tableware\/mugs\/indal\/","title":{"rendered":"INDAL"},"content":{"rendered":"<p>Kr\u00e1sny dvojstenn\u00fd hrn\u010dek z borosilik\u00e1tov\u00e9ho skla s bambusov\u00fdm vie\u010dkom. Kapacita 280 ml.<br \/>Zlo\u017eenie: Cristal y Bamb\u00fa<br \/>Pozn\u00e1mky: Prezent\u00e1cia v ekologickom dizajnovom boxe.<\/p>","protected":false},"excerpt":{"rendered":"<p>Beautiful double wall mug made of borosilicate glass with bamboo lid. 280 ml capacity.Composition: Cristal y Bamb\u00faRemarks: Presentation in eco<\/p>","protected":false},"featured_media":16329,"comment_status":"open","ping_status":"closed","template":"","meta":[],"product_cat":[372,371],"product_tag":[],"class_list":{"0":"post-16328","1":"product","2":"type-product","3":"status-publish","4":"has-post-thumbnail","6":"product_cat-mugs","7":"product_cat-mugs-cups-tableware","9":"first","10":"instock","11":"shipping-taxable","12":"purchasable","13":"product-type-variable"},"_links":{"self":[{"href":"https:\/\/www.promotio.sk\/sk\/wp-json\/wp\/v2\/product\/16328","targetHints":{"allow":["GET"]}}],"collection":[{"href":"https:\/\/www.promotio.sk\/sk\/wp-json\/wp\/v2\/product"}],"about":[{"href":"https:\/\/www.promotio.sk\/sk\/wp-json\/wp\/v2\/types\/product"}],"replies":[{"embeddable":true,"href":"https:\/\/www.promotio.sk\/sk\/wp-json\/wp\/v2\/comments?post=16328"}],"wp:featuredmedia":[{"embeddable":true,"href":"https:\/\/www.promotio.sk\/sk\/wp-json\/wp\/v2\/media\/16329"}],"wp:attachment":[{"href":"https:\/\/www.promotio.sk\/sk\/wp-json\/wp\/v2\/media?parent=16328"}],"wp:term":[{"taxonomy":"product_cat","embeddable":true,"href":"https:\/\/www.promotio.sk\/sk\/wp-json\/wp\/v2\/product_cat?post=16328"},{"taxonomy":"product_tag","embeddable":true,"href":"https:\/\/www.promotio.sk\/sk\/wp-json\/wp\/v2\/product_tag?post=16328"}],"curies":[{"name":"wp","href":"https:\/\/api.w.org\/{rel}","templated":true}]}}