{"id":16313,"date":"2024-03-08T13:08:19","date_gmt":"2024-03-08T12:08:19","guid":{"rendered":"https:\/\/www.promotio.sk\/shop\/nezaraden\u00e9\/macha\/"},"modified":"2024-03-08T13:09:44","modified_gmt":"2024-03-08T12:09:44","slug":"macha","status":"publish","type":"product","link":"https:\/\/www.promotio.sk\/sk\/shop\/promo-items\/mugs-cups-tableware\/mugs\/macha\/","title":{"rendered":"MACHA"},"content":{"rendered":"<p>Keramick\u00fd hrn\u010dek ide\u00e1lny na laserov\u00e9 zna\u010denie s farebn\u00fdm vn\u00fatrom. Kapacita 350 ml.<br \/>\nVhodn\u00e9 do mikrovlnnej r\u00fary.<br \/>\n<br \/>Zlo\u017eenie: Keramika<br \/>Pozn\u00e1mky: Prezent\u00e1cia v bielom r\u00e1m\u010deku.<br \/>\nNevhodn\u00e9 do um\u00fdva\u010dky riadu.<\/p>","protected":false},"excerpt":{"rendered":"<p>Ceramic mug ideal for laser marking with colour interior. 350 ml capacity. Microwave safe. Composition: CeramicRemarks: Presentation in white box.<\/p>","protected":false},"featured_media":16314,"comment_status":"open","ping_status":"closed","template":"","meta":[],"product_cat":[372,371],"product_tag":[],"class_list":{"0":"post-16313","1":"product","2":"type-product","3":"status-publish","4":"has-post-thumbnail","6":"product_cat-mugs","7":"product_cat-mugs-cups-tableware","9":"first","10":"instock","11":"shipping-taxable","12":"purchasable","13":"product-type-variable"},"_links":{"self":[{"href":"https:\/\/www.promotio.sk\/sk\/wp-json\/wp\/v2\/product\/16313","targetHints":{"allow":["GET"]}}],"collection":[{"href":"https:\/\/www.promotio.sk\/sk\/wp-json\/wp\/v2\/product"}],"about":[{"href":"https:\/\/www.promotio.sk\/sk\/wp-json\/wp\/v2\/types\/product"}],"replies":[{"embeddable":true,"href":"https:\/\/www.promotio.sk\/sk\/wp-json\/wp\/v2\/comments?post=16313"}],"wp:featuredmedia":[{"embeddable":true,"href":"https:\/\/www.promotio.sk\/sk\/wp-json\/wp\/v2\/media\/16314"}],"wp:attachment":[{"href":"https:\/\/www.promotio.sk\/sk\/wp-json\/wp\/v2\/media?parent=16313"}],"wp:term":[{"taxonomy":"product_cat","embeddable":true,"href":"https:\/\/www.promotio.sk\/sk\/wp-json\/wp\/v2\/product_cat?post=16313"},{"taxonomy":"product_tag","embeddable":true,"href":"https:\/\/www.promotio.sk\/sk\/wp-json\/wp\/v2\/product_tag?post=16313"}],"curies":[{"name":"wp","href":"https:\/\/api.w.org\/{rel}","templated":true}]}}