{"id":16198,"date":"2024-03-08T12:57:53","date_gmt":"2024-03-08T11:57:53","guid":{"rendered":"https:\/\/www.promotio.sk\/shop\/nezaraden\u00e9\/vake\/"},"modified":"2024-03-08T12:59:24","modified_gmt":"2024-03-08T11:59:24","slug":"vake","status":"publish","type":"product","link":"https:\/\/www.promotio.sk\/sk\/shop\/promo-items\/mugs-cups-tableware\/mugs\/vake\/","title":{"rendered":"VAKE"},"content":{"rendered":"<p>Dvojpl\u00e1\u0161\u0165ov\u00fd hrn\u010dek z recyklovanej nehrdzavej\u00facej ocele 304 so skrutkovac\u00edm vie\u010dkom a rukov\u00e4\u0165ou. Kapacita 350 ml. Prezent\u00e1cia v ekologickom dizajnovom boxe.<br \/>Zlo\u017eenie: Acero inoxidable 304 reciclado<br \/>Pozn\u00e1mky: Presentaci\u00f3n en caja dise\u00f1o eco.<\/p>","protected":false},"excerpt":{"rendered":"<p>Double-walled recycled 304 stainles steel mug with screw lid and handle. 350 ml capacity. Presentation in eco design box.Composition: Acero<\/p>","protected":false},"featured_media":16199,"comment_status":"open","ping_status":"closed","template":"","meta":[],"product_cat":[372,371],"product_tag":[],"class_list":{"0":"post-16198","1":"product","2":"type-product","3":"status-publish","4":"has-post-thumbnail","6":"product_cat-mugs","7":"product_cat-mugs-cups-tableware","9":"first","10":"instock","11":"shipping-taxable","12":"purchasable","13":"product-type-variable"},"_links":{"self":[{"href":"https:\/\/www.promotio.sk\/sk\/wp-json\/wp\/v2\/product\/16198","targetHints":{"allow":["GET"]}}],"collection":[{"href":"https:\/\/www.promotio.sk\/sk\/wp-json\/wp\/v2\/product"}],"about":[{"href":"https:\/\/www.promotio.sk\/sk\/wp-json\/wp\/v2\/types\/product"}],"replies":[{"embeddable":true,"href":"https:\/\/www.promotio.sk\/sk\/wp-json\/wp\/v2\/comments?post=16198"}],"wp:featuredmedia":[{"embeddable":true,"href":"https:\/\/www.promotio.sk\/sk\/wp-json\/wp\/v2\/media\/16199"}],"wp:attachment":[{"href":"https:\/\/www.promotio.sk\/sk\/wp-json\/wp\/v2\/media?parent=16198"}],"wp:term":[{"taxonomy":"product_cat","embeddable":true,"href":"https:\/\/www.promotio.sk\/sk\/wp-json\/wp\/v2\/product_cat?post=16198"},{"taxonomy":"product_tag","embeddable":true,"href":"https:\/\/www.promotio.sk\/sk\/wp-json\/wp\/v2\/product_tag?post=16198"}],"curies":[{"name":"wp","href":"https:\/\/api.w.org\/{rel}","templated":true}]}}