{"id":16189,"date":"2024-03-08T12:57:02","date_gmt":"2024-03-08T11:57:02","guid":{"rendered":"https:\/\/www.promotio.sk\/shop\/nezaraden\u00e9\/dunkel\/"},"modified":"2024-03-08T20:27:35","modified_gmt":"2024-03-08T19:27:35","slug":"dunkel","status":"publish","type":"product","link":"https:\/\/www.promotio.sk\/sk\/shop\/promo-items\/mugs-cups-tableware\/cups-jars\/dunkel\/","title":{"rendered":"DUNKEL"},"content":{"rendered":"<p>Dvojpl\u00e1\u0161\u0165ov\u00fd hrn\u010dek na pivo z nehrdzavej\u00facej ocele 304 s br\u00fasen\u00fdm povrchom. Kapacita 420 ml. Prezent\u00e1cia v bielej krabici.<br \/>Zlo\u017eenie: Acero inoxidable<br \/>Pozn\u00e1mky: Presentaci\u00f3n en caja blanca.<\/p>","protected":false},"excerpt":{"rendered":"<p>Double-walled 304 stainless steel beer mug with brushed finish. 420 ml capacity. Presentation in white box.Composition: Acero inoxidableRemarks: Presentaci\u00f3n en<\/p>","protected":false},"featured_media":16190,"comment_status":"open","ping_status":"closed","template":"","meta":[],"product_cat":[374,371],"product_tag":[],"class_list":{"0":"post-16189","1":"product","2":"type-product","3":"status-publish","4":"has-post-thumbnail","6":"product_cat-cups-jars","7":"product_cat-mugs-cups-tableware","9":"first","10":"instock","11":"shipping-taxable","12":"purchasable","13":"product-type-variable"},"_links":{"self":[{"href":"https:\/\/www.promotio.sk\/sk\/wp-json\/wp\/v2\/product\/16189","targetHints":{"allow":["GET"]}}],"collection":[{"href":"https:\/\/www.promotio.sk\/sk\/wp-json\/wp\/v2\/product"}],"about":[{"href":"https:\/\/www.promotio.sk\/sk\/wp-json\/wp\/v2\/types\/product"}],"replies":[{"embeddable":true,"href":"https:\/\/www.promotio.sk\/sk\/wp-json\/wp\/v2\/comments?post=16189"}],"wp:featuredmedia":[{"embeddable":true,"href":"https:\/\/www.promotio.sk\/sk\/wp-json\/wp\/v2\/media\/16190"}],"wp:attachment":[{"href":"https:\/\/www.promotio.sk\/sk\/wp-json\/wp\/v2\/media?parent=16189"}],"wp:term":[{"taxonomy":"product_cat","embeddable":true,"href":"https:\/\/www.promotio.sk\/sk\/wp-json\/wp\/v2\/product_cat?post=16189"},{"taxonomy":"product_tag","embeddable":true,"href":"https:\/\/www.promotio.sk\/sk\/wp-json\/wp\/v2\/product_tag?post=16189"}],"curies":[{"name":"wp","href":"https:\/\/api.w.org\/{rel}","templated":true}]}}