{"id":16138,"date":"2024-03-08T12:52:23","date_gmt":"2024-03-08T11:52:23","guid":{"rendered":"https:\/\/www.promotio.sk\/shop\/nezaraden\u00e9\/keila\/"},"modified":"2024-03-08T12:53:05","modified_gmt":"2024-03-08T11:53:05","slug":"keila","status":"publish","type":"product","link":"https:\/\/www.promotio.sk\/sk\/shop\/promo-items\/mugs-cups-tableware\/mugs\/keila\/","title":{"rendered":"KEILA"},"content":{"rendered":"<p>Hrn\u010dek z nehrdzavej\u00facej ocele s vonkaj\u0161\u00edm meden\u00fdm povrchom predstavuje \u0161t\u00fdlov\u00fa a sofistikovan\u00fa mo\u017enos\u0165, ako si vychutna\u0165 svoje ob\u013e\u00faben\u00e9 n\u00e1poje. Jeho dizajn m\u00e1 meden\u00fd povrch a zlat\u00fa rukov\u00e4\u0165, ktor\u00e1 dod\u00e1va extra n\u00e1dych \u0161t\u00fdlu. Tento hrn\u010dek s objemom 500 ml je ide\u00e1lny na vychutnanie si dobrej k\u00e1vy, \u010daju alebo in\u00e9ho hor\u00faceho \u010di studen\u00e9ho n\u00e1poja, ktor\u00fd m\u00e1te radi.<br \/>\nVonkaj\u0161\u00ed meden\u00fd povlak mu navy\u0161e dod\u00e1va nielen atrakt\u00edvny vzh\u013ead, ale pom\u00e1ha aj dlh\u0161ie udr\u017eiava\u0165 teplotu va\u0161ich n\u00e1pojov. \u010ci u\u017e chcete ma\u0165 k\u00e1vu tepl\u00fa po\u010das chladn\u00fdch zimn\u00fdch r\u00e1n alebo si v lete vychutna\u0165 osvie\u017euj\u00faci n\u00e1poj, tento hrn\u010dek spln\u00ed va\u0161e o\u010dak\u00e1vania.<br \/>\nHrn\u010dek je dod\u00e1van\u00fd v dizajnovej krabi\u010dke, v\u010faka \u010domu je skvel\u00fdm dar\u010dekom. S t\u00fdmto jedine\u010dn\u00fdm kvalitn\u00fdm hrn\u010dekom m\u00f4\u017eete prekvapi\u0165 niekoho v\u00fdnimo\u010dn\u00e9ho.<br \/>Zlo\u017eenie: Acero inoxidable.<br \/>Pozn\u00e1mky: Prezent\u00e1cia v dizajnovom boxe.<\/p>","protected":false},"excerpt":{"rendered":"<p>The stainless steel mug with outer copper coating is a stylish and sophisticated option to enjoy your favourite drinks. Its<\/p>","protected":false},"featured_media":16139,"comment_status":"open","ping_status":"closed","template":"","meta":[],"product_cat":[372,371],"product_tag":[],"class_list":{"0":"post-16138","1":"product","2":"type-product","3":"status-publish","4":"has-post-thumbnail","6":"product_cat-mugs","7":"product_cat-mugs-cups-tableware","9":"first","10":"instock","11":"shipping-taxable","12":"purchasable","13":"product-type-variable"},"_links":{"self":[{"href":"https:\/\/www.promotio.sk\/sk\/wp-json\/wp\/v2\/product\/16138","targetHints":{"allow":["GET"]}}],"collection":[{"href":"https:\/\/www.promotio.sk\/sk\/wp-json\/wp\/v2\/product"}],"about":[{"href":"https:\/\/www.promotio.sk\/sk\/wp-json\/wp\/v2\/types\/product"}],"replies":[{"embeddable":true,"href":"https:\/\/www.promotio.sk\/sk\/wp-json\/wp\/v2\/comments?post=16138"}],"wp:featuredmedia":[{"embeddable":true,"href":"https:\/\/www.promotio.sk\/sk\/wp-json\/wp\/v2\/media\/16139"}],"wp:attachment":[{"href":"https:\/\/www.promotio.sk\/sk\/wp-json\/wp\/v2\/media?parent=16138"}],"wp:term":[{"taxonomy":"product_cat","embeddable":true,"href":"https:\/\/www.promotio.sk\/sk\/wp-json\/wp\/v2\/product_cat?post=16138"},{"taxonomy":"product_tag","embeddable":true,"href":"https:\/\/www.promotio.sk\/sk\/wp-json\/wp\/v2\/product_tag?post=16138"}],"curies":[{"name":"wp","href":"https:\/\/api.w.org\/{rel}","templated":true}]}}