{"id":16130,"date":"2024-03-08T12:51:39","date_gmt":"2024-03-08T11:51:39","guid":{"rendered":"https:\/\/www.promotio.sk\/shop\/nezaraden\u00e9\/liria\/"},"modified":"2024-03-08T12:52:20","modified_gmt":"2024-03-08T11:52:20","slug":"liria","status":"publish","type":"product","link":"https:\/\/www.promotio.sk\/sk\/shop\/promo-items\/mugs-cups-tableware\/mugs\/liria\/","title":{"rendered":"L\u00cdRIA"},"content":{"rendered":"<p>Hrn\u010dek z nehrdzavej\u00facej ocele s vonkaj\u0161\u00edm meden\u00fdm povrchom a zlat\u00fdm u\u0161kom je elegantnou a sofistikovanou vo\u013ebou pre vychutnanie si ob\u013e\u00faben\u00fdch n\u00e1pojov s objemom 480 ml. Nerezov\u00e1 oce\u013e zaru\u010duje jeho odolnos\u0165 a pevnos\u0165, zatia\u013e \u010do vonkaj\u0161\u00ed meden\u00fd povlak mu dod\u00e1va v\u00fdrazn\u00fd a elegantn\u00fd vzh\u013ead.<br \/>\nZlat\u00e1 r\u00fa\u010dka dod\u00e1va hrn\u010deku extra n\u00e1dych \u0161t\u00fdlu a umo\u017e\u0148uje v\u00e1m dr\u017ea\u0165 hrn\u010dek pohodlne a s n\u00e1dychom sofistikovanosti.<br \/>\nVonkaj\u0161\u00ed meden\u00fd povlak mu navy\u0161e dod\u00e1va nielen atrakt\u00edvny vzh\u013ead, ale pom\u00e1ha aj dlh\u0161ie udr\u017eiava\u0165 teplotu va\u0161ich n\u00e1pojov. \u010ci u\u017e si chcete vychutna\u0165 hor\u00faci n\u00e1poj v zime alebo sa schladi\u0165 studen\u00fdm n\u00e1pojom v lete, tento hrn\u010dek spln\u00ed va\u0161e o\u010dak\u00e1vania.<br \/>\n<br \/>Zlo\u017eenie: Acero inoxidable.<br \/>Pozn\u00e1mky: Presentaci\u00f3n en caja dise\u00f1o. <\/p>","protected":false},"excerpt":{"rendered":"<p>The stainless steel mug with outer copper coating and gold handle is an elegant and sophisticated choice to enjoy your<\/p>","protected":false},"featured_media":16131,"comment_status":"open","ping_status":"closed","template":"","meta":[],"product_cat":[372,371],"product_tag":[],"class_list":{"0":"post-16130","1":"product","2":"type-product","3":"status-publish","4":"has-post-thumbnail","6":"product_cat-mugs","7":"product_cat-mugs-cups-tableware","9":"first","10":"instock","11":"shipping-taxable","12":"purchasable","13":"product-type-variable"},"_links":{"self":[{"href":"https:\/\/www.promotio.sk\/sk\/wp-json\/wp\/v2\/product\/16130","targetHints":{"allow":["GET"]}}],"collection":[{"href":"https:\/\/www.promotio.sk\/sk\/wp-json\/wp\/v2\/product"}],"about":[{"href":"https:\/\/www.promotio.sk\/sk\/wp-json\/wp\/v2\/types\/product"}],"replies":[{"embeddable":true,"href":"https:\/\/www.promotio.sk\/sk\/wp-json\/wp\/v2\/comments?post=16130"}],"wp:featuredmedia":[{"embeddable":true,"href":"https:\/\/www.promotio.sk\/sk\/wp-json\/wp\/v2\/media\/16131"}],"wp:attachment":[{"href":"https:\/\/www.promotio.sk\/sk\/wp-json\/wp\/v2\/media?parent=16130"}],"wp:term":[{"taxonomy":"product_cat","embeddable":true,"href":"https:\/\/www.promotio.sk\/sk\/wp-json\/wp\/v2\/product_cat?post=16130"},{"taxonomy":"product_tag","embeddable":true,"href":"https:\/\/www.promotio.sk\/sk\/wp-json\/wp\/v2\/product_tag?post=16130"}],"curies":[{"name":"wp","href":"https:\/\/api.w.org\/{rel}","templated":true}]}}