{"id":16115,"date":"2024-03-08T12:50:19","date_gmt":"2024-03-08T11:50:19","guid":{"rendered":"https:\/\/www.promotio.sk\/shop\/nezaraden\u00e9\/galvan\/"},"modified":"2024-03-08T12:51:37","modified_gmt":"2024-03-08T11:51:37","slug":"galvan","status":"publish","type":"product","link":"https:\/\/www.promotio.sk\/sk\/shop\/promo-items\/mugs-cups-tableware\/mugs\/galvan\/","title":{"rendered":"GALVAN"},"content":{"rendered":"<p>N\u00e1\u0161 keramick\u00fd hrn\u010dek s matn\u00fdm povrchom a hranat\u00fdm u\u0161kom je dokonalou kombin\u00e1ciou elegancie a funk\u010dnosti. S kapacitou 300 ml je ide\u00e1lny na vychutnanie si ob\u013e\u00faben\u00e9ho n\u00e1poja kedyko\u013evek po\u010das d\u0148a. Matn\u00fd povrch mu dod\u00e1va sofistikovan\u00fd a modern\u00fd vzh\u013ead, zatia\u013e \u010do \u0161tvorcov\u00e1 rukov\u00e4\u0165 poskytuje pohodln\u00e9 a bezpe\u010dn\u00e9 uchopenie. Tento hrn\u010dek je vyroben\u00fd z vysoko kvalitnej keramiky a je pevn\u00fd a odoln\u00fd. \u010ci u\u017e doma, v kancel\u00e1rii alebo pri akejko\u013evek pr\u00edle\u017eitosti, tento keramick\u00fd hrn\u010dek je dokonal\u00fdm doplnkom, aby ste si u\u017eili chv\u00edle oddychu a vychutnali si ka\u017ed\u00fd d\u00fa\u0161ok \u0161t\u00fdlovo.<br \/>Zlo\u017eenie: Cer\u00e1mica.<br \/>Pozn\u00e1mky: Prezent\u00e1cia v bielom r\u00e1m\u010deku.<\/p>","protected":false},"excerpt":{"rendered":"<p>Our ceramic mug with a matte finish and a square handle is the perfect combination of elegance and functionality. With<\/p>","protected":false},"featured_media":16116,"comment_status":"open","ping_status":"closed","template":"","meta":[],"product_cat":[372,371],"product_tag":[],"class_list":{"0":"post-16115","1":"product","2":"type-product","3":"status-publish","4":"has-post-thumbnail","6":"product_cat-mugs","7":"product_cat-mugs-cups-tableware","9":"first","10":"instock","11":"shipping-taxable","12":"purchasable","13":"product-type-variable"},"_links":{"self":[{"href":"https:\/\/www.promotio.sk\/sk\/wp-json\/wp\/v2\/product\/16115","targetHints":{"allow":["GET"]}}],"collection":[{"href":"https:\/\/www.promotio.sk\/sk\/wp-json\/wp\/v2\/product"}],"about":[{"href":"https:\/\/www.promotio.sk\/sk\/wp-json\/wp\/v2\/types\/product"}],"replies":[{"embeddable":true,"href":"https:\/\/www.promotio.sk\/sk\/wp-json\/wp\/v2\/comments?post=16115"}],"wp:featuredmedia":[{"embeddable":true,"href":"https:\/\/www.promotio.sk\/sk\/wp-json\/wp\/v2\/media\/16116"}],"wp:attachment":[{"href":"https:\/\/www.promotio.sk\/sk\/wp-json\/wp\/v2\/media?parent=16115"}],"wp:term":[{"taxonomy":"product_cat","embeddable":true,"href":"https:\/\/www.promotio.sk\/sk\/wp-json\/wp\/v2\/product_cat?post=16115"},{"taxonomy":"product_tag","embeddable":true,"href":"https:\/\/www.promotio.sk\/sk\/wp-json\/wp\/v2\/product_tag?post=16115"}],"curies":[{"name":"wp","href":"https:\/\/api.w.org\/{rel}","templated":true}]}}