{"id":16103,"date":"2024-03-08T12:49:19","date_gmt":"2024-03-08T11:49:19","guid":{"rendered":"https:\/\/www.promotio.sk\/shop\/nezaraden\u00e9\/norval\/"},"modified":"2024-03-08T12:50:17","modified_gmt":"2024-03-08T11:50:17","slug":"norval","status":"publish","type":"product","link":"https:\/\/www.promotio.sk\/sk\/shop\/promo-items\/mugs-cups-tableware\/mugs\/norval\/","title":{"rendered":"NORVAL"},"content":{"rendered":"<p>Keramick\u00fd hrn\u010dek s mramorov\u00fdm efektom sp\u00e1ja \u0161t\u00fdl a funk\u010dnos\u0165 v jednom kuse. S objemom 350 ml je ide\u00e1lny na vychutnanie si ob\u013e\u00faben\u00fdch hor\u00facich n\u00e1pojov. Povrchov\u00e1 \u00faprava s mramorov\u00fdm efektom mu dod\u00e1va elegantn\u00fd a sofistikovan\u00fd vzh\u013ead. Tento hrn\u010dek je vyroben\u00fd z keramiky a je odoln\u00fd a pevn\u00fd. \u010ci u\u017e r\u00e1no pri k\u00e1ve alebo \u010daji, poobede s lahodn\u00fdm bylinkov\u00fdm n\u00e1levom alebo jednoducho ako dekor\u00e1cia, tento keramick\u00fd hrn\u010dek v\u00e1m poskytne v\u00fdnimo\u010dne pr\u00edjemn\u00fd z\u00e1\u017eitok z pitia.<br \/>Zlo\u017eenie: Cer\u00e1mica.<br \/>Pozn\u00e1mky: Prezent\u00e1cia v bielom r\u00e1m\u010deku.<\/p>","protected":false},"excerpt":{"rendered":"<p>Ceramic mug with a marble effect finish, combines style and functionality in one piece. With a 350ml capacity, it&#8217;s perfect<\/p>","protected":false},"featured_media":16104,"comment_status":"open","ping_status":"closed","template":"","meta":[],"product_cat":[372,371],"product_tag":[],"class_list":{"0":"post-16103","1":"product","2":"type-product","3":"status-publish","4":"has-post-thumbnail","6":"product_cat-mugs","7":"product_cat-mugs-cups-tableware","9":"first","10":"instock","11":"shipping-taxable","12":"purchasable","13":"product-type-variable"},"_links":{"self":[{"href":"https:\/\/www.promotio.sk\/sk\/wp-json\/wp\/v2\/product\/16103","targetHints":{"allow":["GET"]}}],"collection":[{"href":"https:\/\/www.promotio.sk\/sk\/wp-json\/wp\/v2\/product"}],"about":[{"href":"https:\/\/www.promotio.sk\/sk\/wp-json\/wp\/v2\/types\/product"}],"replies":[{"embeddable":true,"href":"https:\/\/www.promotio.sk\/sk\/wp-json\/wp\/v2\/comments?post=16103"}],"wp:featuredmedia":[{"embeddable":true,"href":"https:\/\/www.promotio.sk\/sk\/wp-json\/wp\/v2\/media\/16104"}],"wp:attachment":[{"href":"https:\/\/www.promotio.sk\/sk\/wp-json\/wp\/v2\/media?parent=16103"}],"wp:term":[{"taxonomy":"product_cat","embeddable":true,"href":"https:\/\/www.promotio.sk\/sk\/wp-json\/wp\/v2\/product_cat?post=16103"},{"taxonomy":"product_tag","embeddable":true,"href":"https:\/\/www.promotio.sk\/sk\/wp-json\/wp\/v2\/product_tag?post=16103"}],"curies":[{"name":"wp","href":"https:\/\/api.w.org\/{rel}","templated":true}]}}