{"id":16096,"date":"2024-03-08T12:48:34","date_gmt":"2024-03-08T11:48:34","guid":{"rendered":"https:\/\/www.promotio.sk\/shop\/nezaraden\u00e9\/lovet\/"},"modified":"2024-03-08T12:49:13","modified_gmt":"2024-03-08T11:49:13","slug":"lovet","status":"publish","type":"product","link":"https:\/\/www.promotio.sk\/sk\/shop\/promo-items\/mugs-cups-tableware\/mugs\/lovet\/","title":{"rendered":"LOVET"},"content":{"rendered":"<p>Matn\u00fd keramick\u00fd hrn\u010dek s bambusov\u00fdm vrchn\u00e1kom a u\u0161kom je \u0161t\u00fdlovou a funk\u010dnou vo\u013ebou pre vychutnanie si ob\u013e\u00faben\u00fdch n\u00e1pojov.<br \/>\nS objemom 350 ml je tento hrn\u010dek ide\u00e1lny na k\u00e1vu, \u010daj alebo in\u00e9 hor\u00face n\u00e1poje. Jeho matn\u00fd povrch mu dod\u00e1va modern\u00fd a sofistikovan\u00fd vzh\u013ead, zatia\u013e \u010do bambusov\u00e9 veko a rukov\u00e4\u0165 dod\u00e1vaj\u00fa prirodzen\u00fd a udr\u017eate\u013en\u00fd n\u00e1dych. Ide\u00e1lne na udr\u017eanie va\u0161ich n\u00e1pojov dlh\u0161ie tepl\u00e9 a na zabr\u00e1nenie nechcen\u00e9mu rozliatiu. U\u017eite si chv\u00edle oddychu s t\u00fdmto kvalitn\u00fdm keramick\u00fdm hrn\u010dekom.<br \/>Zlo\u017eenie: Cer\u00e1mica y bamb\u00fa.<br \/>Pozn\u00e1mky: Presentaci\u00f3n en caja dise\u00f1o eco.<\/p>","protected":false},"excerpt":{"rendered":"<p>The matte ceramic mug with a bamboo lid and handle is a stylish and functional choice for enjoying your favourite<\/p>","protected":false},"featured_media":16097,"comment_status":"open","ping_status":"closed","template":"","meta":[],"product_cat":[372,371],"product_tag":[],"class_list":{"0":"post-16096","1":"product","2":"type-product","3":"status-publish","4":"has-post-thumbnail","6":"product_cat-mugs","7":"product_cat-mugs-cups-tableware","9":"first","10":"instock","11":"shipping-taxable","12":"purchasable","13":"product-type-variable"},"_links":{"self":[{"href":"https:\/\/www.promotio.sk\/sk\/wp-json\/wp\/v2\/product\/16096","targetHints":{"allow":["GET"]}}],"collection":[{"href":"https:\/\/www.promotio.sk\/sk\/wp-json\/wp\/v2\/product"}],"about":[{"href":"https:\/\/www.promotio.sk\/sk\/wp-json\/wp\/v2\/types\/product"}],"replies":[{"embeddable":true,"href":"https:\/\/www.promotio.sk\/sk\/wp-json\/wp\/v2\/comments?post=16096"}],"wp:featuredmedia":[{"embeddable":true,"href":"https:\/\/www.promotio.sk\/sk\/wp-json\/wp\/v2\/media\/16097"}],"wp:attachment":[{"href":"https:\/\/www.promotio.sk\/sk\/wp-json\/wp\/v2\/media?parent=16096"}],"wp:term":[{"taxonomy":"product_cat","embeddable":true,"href":"https:\/\/www.promotio.sk\/sk\/wp-json\/wp\/v2\/product_cat?post=16096"},{"taxonomy":"product_tag","embeddable":true,"href":"https:\/\/www.promotio.sk\/sk\/wp-json\/wp\/v2\/product_tag?post=16096"}],"curies":[{"name":"wp","href":"https:\/\/api.w.org\/{rel}","templated":true}]}}