{"id":16088,"date":"2024-03-08T12:47:22","date_gmt":"2024-03-08T11:47:22","guid":{"rendered":"https:\/\/www.promotio.sk\/shop\/nezaraden\u00e9\/jones\/"},"modified":"2024-03-10T10:19:20","modified_gmt":"2024-03-10T09:19:20","slug":"jones","status":"publish","type":"product","link":"https:\/\/www.promotio.sk\/sk\/shop\/promo-clothing\/visor-caps-hats\/hats\/jones\/","title":{"rendered":"JONES"},"content":{"rendered":"<p>Elegantn\u00e1 \u010diapka so \u0161irok\u00fdm okrajom, ktor\u00e1 v\u00e1s ochr\u00e1ni pred slnkom, s vn\u00fatorn\u00fdm potn\u00fdm p\u00e1som pre maxim\u00e1lne pohodlie.<br \/>\n<br \/>Zlo\u017eenie: Syntetick\u00fd materi\u00e1l.<br \/>Pozn\u00e1mky: Ve\u013ekos\u0165: 58 \u2013 59 cm.<br \/>\nPohodln\u00fd vn\u00fatorn\u00fd potn\u00fd p\u00e1s.<\/p>","protected":false},"excerpt":{"rendered":"<p>Smart wide-brimmed hat to protect you from the sun, with inner sweatband for maximum comfort. Composition: Synthetic material.Remarks: Size: 58<\/p>","protected":false},"featured_media":16089,"comment_status":"open","ping_status":"closed","template":"","meta":[],"product_cat":[377,23,431],"product_tag":[],"class_list":{"0":"post-16088","1":"product","2":"type-product","3":"status-publish","4":"has-post-thumbnail","6":"product_cat-hats","7":"product_cat-promo-clothing","8":"product_cat-visor-caps-hats","10":"first","11":"instock","12":"shipping-taxable","13":"purchasable","14":"product-type-variable"},"_links":{"self":[{"href":"https:\/\/www.promotio.sk\/sk\/wp-json\/wp\/v2\/product\/16088","targetHints":{"allow":["GET"]}}],"collection":[{"href":"https:\/\/www.promotio.sk\/sk\/wp-json\/wp\/v2\/product"}],"about":[{"href":"https:\/\/www.promotio.sk\/sk\/wp-json\/wp\/v2\/types\/product"}],"replies":[{"embeddable":true,"href":"https:\/\/www.promotio.sk\/sk\/wp-json\/wp\/v2\/comments?post=16088"}],"wp:featuredmedia":[{"embeddable":true,"href":"https:\/\/www.promotio.sk\/sk\/wp-json\/wp\/v2\/media\/16089"}],"wp:attachment":[{"href":"https:\/\/www.promotio.sk\/sk\/wp-json\/wp\/v2\/media?parent=16088"}],"wp:term":[{"taxonomy":"product_cat","embeddable":true,"href":"https:\/\/www.promotio.sk\/sk\/wp-json\/wp\/v2\/product_cat?post=16088"},{"taxonomy":"product_tag","embeddable":true,"href":"https:\/\/www.promotio.sk\/sk\/wp-json\/wp\/v2\/product_tag?post=16088"}],"curies":[{"name":"wp","href":"https:\/\/api.w.org\/{rel}","templated":true}]}}