{"id":16068,"date":"2024-03-08T12:45:13","date_gmt":"2024-03-08T11:45:13","guid":{"rendered":"https:\/\/www.promotio.sk\/shop\/nezaraden\u00e9\/levy\/"},"modified":"2024-03-10T10:19:42","modified_gmt":"2024-03-10T09:19:42","slug":"levy","status":"publish","type":"product","link":"https:\/\/www.promotio.sk\/sk\/shop\/promo-clothing\/visor-caps-hats\/hats\/levy\/","title":{"rendered":"LEVY"},"content":{"rendered":"<p>\u010ciapka z kvalitn\u00e9ho syntetick\u00e9ho vl\u00e1kna s pohodln\u00fdm vn\u00fatorn\u00fdm potn\u00fdm p\u00e1som.<br \/>\n<br \/>Zlo\u017eenie: Syntetick\u00e9 vl\u00e1kno.<br \/>Pozn\u00e1mky: Ve\u013ekos\u0165: 58 \u2013 59 cm.<br \/>\nPohodln\u00fd vn\u00fatorn\u00fd potn\u00fd p\u00e1s.<\/p>","protected":false},"excerpt":{"rendered":"<p>Quality synthetic fibre hat with comfort inner sweatband. Composition: Synthetic fibre.Remarks: Size: 58 &#8211; 59 cm. Comfort inner sweatband.<\/p>","protected":false},"featured_media":16069,"comment_status":"open","ping_status":"closed","template":"","meta":[],"product_cat":[377,23,431],"product_tag":[],"class_list":{"0":"post-16068","1":"product","2":"type-product","3":"status-publish","4":"has-post-thumbnail","6":"product_cat-hats","7":"product_cat-promo-clothing","8":"product_cat-visor-caps-hats","10":"first","11":"instock","12":"shipping-taxable","13":"purchasable","14":"product-type-variable"},"_links":{"self":[{"href":"https:\/\/www.promotio.sk\/sk\/wp-json\/wp\/v2\/product\/16068","targetHints":{"allow":["GET"]}}],"collection":[{"href":"https:\/\/www.promotio.sk\/sk\/wp-json\/wp\/v2\/product"}],"about":[{"href":"https:\/\/www.promotio.sk\/sk\/wp-json\/wp\/v2\/types\/product"}],"replies":[{"embeddable":true,"href":"https:\/\/www.promotio.sk\/sk\/wp-json\/wp\/v2\/comments?post=16068"}],"wp:featuredmedia":[{"embeddable":true,"href":"https:\/\/www.promotio.sk\/sk\/wp-json\/wp\/v2\/media\/16069"}],"wp:attachment":[{"href":"https:\/\/www.promotio.sk\/sk\/wp-json\/wp\/v2\/media?parent=16068"}],"wp:term":[{"taxonomy":"product_cat","embeddable":true,"href":"https:\/\/www.promotio.sk\/sk\/wp-json\/wp\/v2\/product_cat?post=16068"},{"taxonomy":"product_tag","embeddable":true,"href":"https:\/\/www.promotio.sk\/sk\/wp-json\/wp\/v2\/product_tag?post=16068"}],"curies":[{"name":"wp","href":"https:\/\/api.w.org\/{rel}","templated":true}]}}