{"id":16002,"date":"2024-03-08T12:38:32","date_gmt":"2024-03-08T11:38:32","guid":{"rendered":"https:\/\/www.promotio.sk\/shop\/nezaraden\u00e9\/drilo\/"},"modified":"2024-03-08T12:40:34","modified_gmt":"2024-03-08T11:40:34","slug":"drilo","status":"publish","type":"product","link":"https:\/\/www.promotio.sk\/sk\/shop\/promo-items\/party-events\/exhibitions\/drilo\/","title":{"rendered":"DRILO"},"content":{"rendered":"<p>N\u00e1ramok na akcie zo syntetick\u00e9ho vl\u00e1kna Tyvek s individu\u00e1lnym \u010d\u00edslovan\u00edm. Prezent\u00e1cia v 20-kusovom h\u00e1rku.<br \/>Zlo\u017eenie: Syntetick\u00e9 vl\u00e1kno.<\/p>","protected":false},"excerpt":{"rendered":"<p>Wristband for events in synthetic Tyvek fibre with individual numbering. Presentation in 20-unit sheet.Composition: Synthetic fibre.<\/p>","protected":false},"featured_media":16003,"comment_status":"open","ping_status":"closed","template":"","meta":[],"product_cat":[376,375],"product_tag":[],"class_list":{"0":"post-16002","1":"product","2":"type-product","3":"status-publish","4":"has-post-thumbnail","6":"product_cat-exhibitions","7":"product_cat-party-events","9":"first","10":"instock","11":"shipping-taxable","12":"purchasable","13":"product-type-variable"},"_links":{"self":[{"href":"https:\/\/www.promotio.sk\/sk\/wp-json\/wp\/v2\/product\/16002","targetHints":{"allow":["GET"]}}],"collection":[{"href":"https:\/\/www.promotio.sk\/sk\/wp-json\/wp\/v2\/product"}],"about":[{"href":"https:\/\/www.promotio.sk\/sk\/wp-json\/wp\/v2\/types\/product"}],"replies":[{"embeddable":true,"href":"https:\/\/www.promotio.sk\/sk\/wp-json\/wp\/v2\/comments?post=16002"}],"wp:featuredmedia":[{"embeddable":true,"href":"https:\/\/www.promotio.sk\/sk\/wp-json\/wp\/v2\/media\/16003"}],"wp:attachment":[{"href":"https:\/\/www.promotio.sk\/sk\/wp-json\/wp\/v2\/media?parent=16002"}],"wp:term":[{"taxonomy":"product_cat","embeddable":true,"href":"https:\/\/www.promotio.sk\/sk\/wp-json\/wp\/v2\/product_cat?post=16002"},{"taxonomy":"product_tag","embeddable":true,"href":"https:\/\/www.promotio.sk\/sk\/wp-json\/wp\/v2\/product_tag?post=16002"}],"curies":[{"name":"wp","href":"https:\/\/api.w.org\/{rel}","templated":true}]}}