{"id":15978,"date":"2024-03-08T08:34:18","date_gmt":"2024-03-08T07:34:18","guid":{"rendered":"https:\/\/www.promotio.sk\/shop\/nezaraden\u00e9\/halley\/"},"modified":"2024-03-10T10:20:49","modified_gmt":"2024-03-10T09:20:49","slug":"halley","status":"publish","type":"product","link":"https:\/\/www.promotio.sk\/sk\/shop\/promo-clothing\/visor-caps-hats\/hats\/halley\/","title":{"rendered":"HALLEY"},"content":{"rendered":"<p>Pr\u00edrodn\u00fd slamen\u00fd klob\u00fak s pohodlnou vn\u00fatornou potnou p\u00e1skou.<br \/>Zlo\u017eenie: pr\u00edrodn\u00e1 slama.<br \/>Pozn\u00e1mky: Obvod od okraja: 113 cm.<br \/>\nPohodln\u00fd vn\u00fatorn\u00fd potn\u00fd p\u00e1s.<br \/><img decoding=\"async\" src=\"https:\/\/static.gorfactory.es\/pics\/measures\/GO_HO.jpg\"><\/p>","protected":false},"excerpt":{"rendered":"<p>Natural straw hat with comfortable inner sweatband.Composition: Natural straw.Remarks: Circumference measure from the brim: 113 cm. Comfortable inner sweatband.<\/p>","protected":false},"featured_media":15979,"comment_status":"open","ping_status":"closed","template":"","meta":[],"product_cat":[377,23,431],"product_tag":[],"class_list":{"0":"post-15978","1":"product","2":"type-product","3":"status-publish","4":"has-post-thumbnail","6":"product_cat-hats","7":"product_cat-promo-clothing","8":"product_cat-visor-caps-hats","10":"first","11":"instock","12":"shipping-taxable","13":"purchasable","14":"product-type-variable"},"_links":{"self":[{"href":"https:\/\/www.promotio.sk\/sk\/wp-json\/wp\/v2\/product\/15978","targetHints":{"allow":["GET"]}}],"collection":[{"href":"https:\/\/www.promotio.sk\/sk\/wp-json\/wp\/v2\/product"}],"about":[{"href":"https:\/\/www.promotio.sk\/sk\/wp-json\/wp\/v2\/types\/product"}],"replies":[{"embeddable":true,"href":"https:\/\/www.promotio.sk\/sk\/wp-json\/wp\/v2\/comments?post=15978"}],"wp:featuredmedia":[{"embeddable":true,"href":"https:\/\/www.promotio.sk\/sk\/wp-json\/wp\/v2\/media\/15979"}],"wp:attachment":[{"href":"https:\/\/www.promotio.sk\/sk\/wp-json\/wp\/v2\/media?parent=15978"}],"wp:term":[{"taxonomy":"product_cat","embeddable":true,"href":"https:\/\/www.promotio.sk\/sk\/wp-json\/wp\/v2\/product_cat?post=15978"},{"taxonomy":"product_tag","embeddable":true,"href":"https:\/\/www.promotio.sk\/sk\/wp-json\/wp\/v2\/product_tag?post=15978"}],"curies":[{"name":"wp","href":"https:\/\/api.w.org\/{rel}","templated":true}]}}