{"id":15953,"date":"2024-03-08T08:32:27","date_gmt":"2024-03-08T07:32:27","guid":{"rendered":"https:\/\/www.promotio.sk\/shop\/nezaraden\u00e9\/sun\/"},"modified":"2024-03-10T10:21:17","modified_gmt":"2024-03-10T09:21:17","slug":"sun","status":"publish","type":"product","link":"https:\/\/www.promotio.sk\/sk\/shop\/promo-clothing\/visor-caps-hats\/hats\/sun\/","title":{"rendered":"SLNKO"},"content":{"rendered":"<p>Pr\u00edrodn\u00fd slamen\u00fd klob\u00fak s pohodlnou potnou p\u00e1skou. <br \/>Zlo\u017eenie: pr\u00edrodn\u00e1 slama.<br \/>Pozn\u00e1mky: Pohodln\u00e9 vn\u00fatorn\u00e9 pot\u00edtko. <br \/><img decoding=\"async\" src=\"https:\/\/static.gorfactory.es\/pics\/measures\/GO_HO.jpg\"><\/p>","protected":false},"excerpt":{"rendered":"<p>Natural straw hat with comfortable sweatband. Composition: Natural straw.Remarks: Comfortable inner sweatband.<\/p>","protected":false},"featured_media":15954,"comment_status":"open","ping_status":"closed","template":"","meta":[],"product_cat":[377,23,431],"product_tag":[],"class_list":{"0":"post-15953","1":"product","2":"type-product","3":"status-publish","4":"has-post-thumbnail","6":"product_cat-hats","7":"product_cat-promo-clothing","8":"product_cat-visor-caps-hats","10":"first","11":"instock","12":"shipping-taxable","13":"purchasable","14":"product-type-variable"},"_links":{"self":[{"href":"https:\/\/www.promotio.sk\/sk\/wp-json\/wp\/v2\/product\/15953","targetHints":{"allow":["GET"]}}],"collection":[{"href":"https:\/\/www.promotio.sk\/sk\/wp-json\/wp\/v2\/product"}],"about":[{"href":"https:\/\/www.promotio.sk\/sk\/wp-json\/wp\/v2\/types\/product"}],"replies":[{"embeddable":true,"href":"https:\/\/www.promotio.sk\/sk\/wp-json\/wp\/v2\/comments?post=15953"}],"wp:featuredmedia":[{"embeddable":true,"href":"https:\/\/www.promotio.sk\/sk\/wp-json\/wp\/v2\/media\/15954"}],"wp:attachment":[{"href":"https:\/\/www.promotio.sk\/sk\/wp-json\/wp\/v2\/media?parent=15953"}],"wp:term":[{"taxonomy":"product_cat","embeddable":true,"href":"https:\/\/www.promotio.sk\/sk\/wp-json\/wp\/v2\/product_cat?post=15953"},{"taxonomy":"product_tag","embeddable":true,"href":"https:\/\/www.promotio.sk\/sk\/wp-json\/wp\/v2\/product_tag?post=15953"}],"curies":[{"name":"wp","href":"https:\/\/api.w.org\/{rel}","templated":true}]}}