{"id":15828,"date":"2024-03-07T23:19:19","date_gmt":"2024-03-07T22:19:19","guid":{"rendered":"https:\/\/www.promotio.sk\/shop\/nezaraden\u00e9\/tiset\/"},"modified":"2024-03-07T23:21:03","modified_gmt":"2024-03-07T22:21:03","slug":"tiset","status":"publish","type":"product","link":"https:\/\/www.promotio.sk\/sk\/shop\/promo-items\/bottles_thermos_\/thermos\/tiset\/","title":{"rendered":"TISET"},"content":{"rendered":"<p>Dvojstenn\u00e1 f\u013ea\u0161a z nehrdzavej\u00facej ocele 304 s bambusov\u00fdm vie\u010dkom. Kapacita 500 ml. Mo\u017enos\u0165 sublim\u00e1cie na bielu farbu. Skladacia kovov\u00e1 rukov\u00e4\u0165. Dostupn\u00e9 vo ve\u013ekom mno\u017estve farieb. Biela farba vhodn\u00e1 na sublim\u00e1ciu. <br \/>Zlo\u017eenie: Acero inoxidable 304<br \/>Pozn\u00e1mky: Prezent\u00e1cia v dizajnovom boxe.<\/p>","protected":false},"excerpt":{"rendered":"<p>304 stainless steel double wall bottle with bamboo lid. 500ml capacity. Possibility of sublimation on the white colour. Folding metal<\/p>","protected":false},"featured_media":15829,"comment_status":"open","ping_status":"closed","template":"","meta":[],"product_cat":[364,365],"product_tag":[],"class_list":{"0":"post-15828","1":"product","2":"type-product","3":"status-publish","4":"has-post-thumbnail","6":"product_cat-bottles_thermos_","7":"product_cat-thermos","9":"first","10":"instock","11":"shipping-taxable","12":"purchasable","13":"product-type-variable"},"_links":{"self":[{"href":"https:\/\/www.promotio.sk\/sk\/wp-json\/wp\/v2\/product\/15828","targetHints":{"allow":["GET"]}}],"collection":[{"href":"https:\/\/www.promotio.sk\/sk\/wp-json\/wp\/v2\/product"}],"about":[{"href":"https:\/\/www.promotio.sk\/sk\/wp-json\/wp\/v2\/types\/product"}],"replies":[{"embeddable":true,"href":"https:\/\/www.promotio.sk\/sk\/wp-json\/wp\/v2\/comments?post=15828"}],"wp:featuredmedia":[{"embeddable":true,"href":"https:\/\/www.promotio.sk\/sk\/wp-json\/wp\/v2\/media\/15829"}],"wp:attachment":[{"href":"https:\/\/www.promotio.sk\/sk\/wp-json\/wp\/v2\/media?parent=15828"}],"wp:term":[{"taxonomy":"product_cat","embeddable":true,"href":"https:\/\/www.promotio.sk\/sk\/wp-json\/wp\/v2\/product_cat?post=15828"},{"taxonomy":"product_tag","embeddable":true,"href":"https:\/\/www.promotio.sk\/sk\/wp-json\/wp\/v2\/product_tag?post=15828"}],"curies":[{"name":"wp","href":"https:\/\/api.w.org\/{rel}","templated":true}]}}