{"id":15818,"date":"2024-03-07T23:18:15","date_gmt":"2024-03-07T22:18:15","guid":{"rendered":"https:\/\/www.promotio.sk\/shop\/nezaraden\u00e9\/selby\/"},"modified":"2024-03-07T23:19:16","modified_gmt":"2024-03-07T22:19:16","slug":"selby","status":"publish","type":"product","link":"https:\/\/www.promotio.sk\/sk\/shop\/promo-items\/bottles_thermos_\/bottles\/selby\/","title":{"rendered":"SELBY"},"content":{"rendered":"<p>\u0160peci\u00e1lna f\u013ea\u0161a z nehrdzavej\u00facej ocele 304 na sublim\u00e1ciu. Kapacita 700 ml. Vytvorte jedine\u010dn\u00fa f\u013ea\u0161u na mieru.<br \/>Zlo\u017eenie: Acero inoxidable 304<\/p>","protected":false},"excerpt":{"rendered":"<p>Special 304 stainless steel bottle for sublimation. 700 ml capacity. Create a unique customized bottle.Composition: Acero inoxidable 304<\/p>","protected":false},"featured_media":15819,"comment_status":"open","ping_status":"closed","template":"","meta":[],"product_cat":[367,364],"product_tag":[],"class_list":{"0":"post-15818","1":"product","2":"type-product","3":"status-publish","4":"has-post-thumbnail","6":"product_cat-bottles","7":"product_cat-bottles_thermos_","9":"first","10":"instock","11":"shipping-taxable","12":"purchasable","13":"product-type-variable"},"_links":{"self":[{"href":"https:\/\/www.promotio.sk\/sk\/wp-json\/wp\/v2\/product\/15818","targetHints":{"allow":["GET"]}}],"collection":[{"href":"https:\/\/www.promotio.sk\/sk\/wp-json\/wp\/v2\/product"}],"about":[{"href":"https:\/\/www.promotio.sk\/sk\/wp-json\/wp\/v2\/types\/product"}],"replies":[{"embeddable":true,"href":"https:\/\/www.promotio.sk\/sk\/wp-json\/wp\/v2\/comments?post=15818"}],"wp:featuredmedia":[{"embeddable":true,"href":"https:\/\/www.promotio.sk\/sk\/wp-json\/wp\/v2\/media\/15819"}],"wp:attachment":[{"href":"https:\/\/www.promotio.sk\/sk\/wp-json\/wp\/v2\/media?parent=15818"}],"wp:term":[{"taxonomy":"product_cat","embeddable":true,"href":"https:\/\/www.promotio.sk\/sk\/wp-json\/wp\/v2\/product_cat?post=15818"},{"taxonomy":"product_tag","embeddable":true,"href":"https:\/\/www.promotio.sk\/sk\/wp-json\/wp\/v2\/product_tag?post=15818"}],"curies":[{"name":"wp","href":"https:\/\/api.w.org\/{rel}","templated":true}]}}