{"id":15711,"date":"2024-03-07T23:09:27","date_gmt":"2024-03-07T22:09:27","guid":{"rendered":"https:\/\/www.promotio.sk\/shop\/nezaraden\u00e9\/tarek\/"},"modified":"2024-03-07T23:11:21","modified_gmt":"2024-03-07T22:11:21","slug":"tarek","status":"publish","type":"product","link":"https:\/\/www.promotio.sk\/sk\/shop\/promo-items\/bottles_thermos_\/bottles\/tarek\/","title":{"rendered":"TAREK"},"content":{"rendered":"<p>F\u013ea\u0161a z nehrdzavej\u00facej ocele 304 s matn\u00fdm povrchom. Kapacita 790 ml. Veko ladiace s telom f\u013ea\u0161e. Dostupn\u00e9 v nieko\u013ek\u00fdch matn\u00fdch farb\u00e1ch, pomocou ktor\u00fdch dosiahnete odli\u0161n\u00fd dizajn.<br \/>Zlo\u017eenie: Nerezov\u00e1 oce\u013e.<br \/>Pozn\u00e1mky: Proti kvapkaniu.<br \/>\nPrezent\u00e1cia v dizajnovom boxe.<\/p>","protected":false},"excerpt":{"rendered":"<p>304 stainless steel bottle with matte finish. 790 ml capacity. Lid matching the bottle body. Available in several matte colours,<\/p>","protected":false},"featured_media":15712,"comment_status":"open","ping_status":"closed","template":"","meta":[],"product_cat":[367,364],"product_tag":[],"class_list":{"0":"post-15711","1":"product","2":"type-product","3":"status-publish","4":"has-post-thumbnail","6":"product_cat-bottles","7":"product_cat-bottles_thermos_","9":"first","10":"instock","11":"shipping-taxable","12":"purchasable","13":"product-type-variable"},"_links":{"self":[{"href":"https:\/\/www.promotio.sk\/sk\/wp-json\/wp\/v2\/product\/15711","targetHints":{"allow":["GET"]}}],"collection":[{"href":"https:\/\/www.promotio.sk\/sk\/wp-json\/wp\/v2\/product"}],"about":[{"href":"https:\/\/www.promotio.sk\/sk\/wp-json\/wp\/v2\/types\/product"}],"replies":[{"embeddable":true,"href":"https:\/\/www.promotio.sk\/sk\/wp-json\/wp\/v2\/comments?post=15711"}],"wp:featuredmedia":[{"embeddable":true,"href":"https:\/\/www.promotio.sk\/sk\/wp-json\/wp\/v2\/media\/15712"}],"wp:attachment":[{"href":"https:\/\/www.promotio.sk\/sk\/wp-json\/wp\/v2\/media?parent=15711"}],"wp:term":[{"taxonomy":"product_cat","embeddable":true,"href":"https:\/\/www.promotio.sk\/sk\/wp-json\/wp\/v2\/product_cat?post=15711"},{"taxonomy":"product_tag","embeddable":true,"href":"https:\/\/www.promotio.sk\/sk\/wp-json\/wp\/v2\/product_tag?post=15711"}],"curies":[{"name":"wp","href":"https:\/\/api.w.org\/{rel}","templated":true}]}}