{"id":15691,"date":"2024-03-07T23:07:49","date_gmt":"2024-03-07T22:07:49","guid":{"rendered":"https:\/\/www.promotio.sk\/shop\/nezaraden\u00e9\/balax\/"},"modified":"2024-03-07T23:09:25","modified_gmt":"2024-03-07T22:09:25","slug":"balax","status":"publish","type":"product","link":"https:\/\/www.promotio.sk\/sk\/shop\/promo-items\/bottles_thermos_\/thermos\/balax\/","title":{"rendered":"BALAX"},"content":{"rendered":"<p>Term\u00e1lna f\u013ea\u0161a z nehrdzavej\u00facej ocele 304. Dvojit\u00e1 stena s medenou izol\u00e1ciou. Kapacita 550 ml. Prezent\u00e1cia v dizajnovom boxe. S Balaxom a jeho origin\u00e1lnymi farbami urob\u00edte rozdiel. Biela farba vhodn\u00e1 na sublim\u00e1ciu. <br \/>Zlo\u017eenie: nehrdzavej\u00faca oce\u013e 304.<br \/>Pozn\u00e1mky: Tepeln\u00e1 kapacita: 12 hod\u00edn za tepla a 48 hod\u00edn za studena.<br \/>\nProti kvapkaniu.<br \/>\nPrezent\u00e1cia v dizajnovom boxe.<\/p>","protected":false},"excerpt":{"rendered":"<p>304 stainless steel thermal bottle. Double wall with copper insulation. 550 ml capacity. Presentation in design box. With Balax and<\/p>","protected":false},"featured_media":15692,"comment_status":"open","ping_status":"closed","template":"","meta":[],"product_cat":[364,365],"product_tag":[],"class_list":{"0":"post-15691","1":"product","2":"type-product","3":"status-publish","4":"has-post-thumbnail","6":"product_cat-bottles_thermos_","7":"product_cat-thermos","9":"first","10":"instock","11":"shipping-taxable","12":"purchasable","13":"product-type-variable"},"_links":{"self":[{"href":"https:\/\/www.promotio.sk\/sk\/wp-json\/wp\/v2\/product\/15691","targetHints":{"allow":["GET"]}}],"collection":[{"href":"https:\/\/www.promotio.sk\/sk\/wp-json\/wp\/v2\/product"}],"about":[{"href":"https:\/\/www.promotio.sk\/sk\/wp-json\/wp\/v2\/types\/product"}],"replies":[{"embeddable":true,"href":"https:\/\/www.promotio.sk\/sk\/wp-json\/wp\/v2\/comments?post=15691"}],"wp:featuredmedia":[{"embeddable":true,"href":"https:\/\/www.promotio.sk\/sk\/wp-json\/wp\/v2\/media\/15692"}],"wp:attachment":[{"href":"https:\/\/www.promotio.sk\/sk\/wp-json\/wp\/v2\/media?parent=15691"}],"wp:term":[{"taxonomy":"product_cat","embeddable":true,"href":"https:\/\/www.promotio.sk\/sk\/wp-json\/wp\/v2\/product_cat?post=15691"},{"taxonomy":"product_tag","embeddable":true,"href":"https:\/\/www.promotio.sk\/sk\/wp-json\/wp\/v2\/product_tag?post=15691"}],"curies":[{"name":"wp","href":"https:\/\/api.w.org\/{rel}","templated":true}]}}