{"id":15657,"date":"2024-03-07T23:05:01","date_gmt":"2024-03-07T22:05:01","guid":{"rendered":"https:\/\/www.promotio.sk\/shop\/nezaraden\u00e9\/trail\/"},"modified":"2024-03-07T23:05:51","modified_gmt":"2024-03-07T22:05:51","slug":"trail","status":"publish","type":"product","link":"https:\/\/www.promotio.sk\/sk\/shop\/promo-items\/bottles_thermos_\/sports_bottles\/trail\/","title":{"rendered":"TRAIL"},"content":{"rendered":"<p>Skladacia f\u013ea\u0161a na praktick\u00fd transport va\u0161ich n\u00e1pojov po\u010das \u0161portov\u00fdch podujat\u00ed. V\u010faka flexibiln\u00e9mu form\u00e1tu TPU sa t\u00e1to f\u013ea\u0161a s objemom 500 ml \u013eahko pren\u00e1\u0161a v ruke a v batohu alebo veste zaberie m\u00e1lo miesta.<br \/>Zlo\u017eenie: TPU<br \/>Pozn\u00e1mky: Nie je mo\u017en\u00e9 um\u00fdva\u0165 v um\u00fdva\u010dke riadu.<\/p>","protected":false},"excerpt":{"rendered":"<p>Foldable bottle to transport your drinks in a practical way during sporting events. Thanks to its flexible TPU format, this<\/p>","protected":false},"featured_media":15658,"comment_status":"open","ping_status":"closed","template":"","meta":[],"product_cat":[364,366],"product_tag":[],"class_list":{"0":"post-15657","1":"product","2":"type-product","3":"status-publish","4":"has-post-thumbnail","6":"product_cat-bottles_thermos_","7":"product_cat-sports_bottles","9":"first","10":"instock","11":"shipping-taxable","12":"purchasable","13":"product-type-variable"},"_links":{"self":[{"href":"https:\/\/www.promotio.sk\/sk\/wp-json\/wp\/v2\/product\/15657","targetHints":{"allow":["GET"]}}],"collection":[{"href":"https:\/\/www.promotio.sk\/sk\/wp-json\/wp\/v2\/product"}],"about":[{"href":"https:\/\/www.promotio.sk\/sk\/wp-json\/wp\/v2\/types\/product"}],"replies":[{"embeddable":true,"href":"https:\/\/www.promotio.sk\/sk\/wp-json\/wp\/v2\/comments?post=15657"}],"wp:featuredmedia":[{"embeddable":true,"href":"https:\/\/www.promotio.sk\/sk\/wp-json\/wp\/v2\/media\/15658"}],"wp:attachment":[{"href":"https:\/\/www.promotio.sk\/sk\/wp-json\/wp\/v2\/media?parent=15657"}],"wp:term":[{"taxonomy":"product_cat","embeddable":true,"href":"https:\/\/www.promotio.sk\/sk\/wp-json\/wp\/v2\/product_cat?post=15657"},{"taxonomy":"product_tag","embeddable":true,"href":"https:\/\/www.promotio.sk\/sk\/wp-json\/wp\/v2\/product_tag?post=15657"}],"curies":[{"name":"wp","href":"https:\/\/api.w.org\/{rel}","templated":true}]}}