{"id":15650,"date":"2024-03-07T23:04:24","date_gmt":"2024-03-07T22:04:24","guid":{"rendered":"https:\/\/www.promotio.sk\/shop\/nezaraden\u00e9\/sotos\/"},"modified":"2024-03-07T23:04:58","modified_gmt":"2024-03-07T22:04:58","slug":"sotos","status":"publish","type":"product","link":"https:\/\/www.promotio.sk\/sk\/shop\/promo-items\/bottles_thermos_\/bottles\/sotos\/","title":{"rendered":"SOTOS"},"content":{"rendered":"<p>F\u013ea\u0161a z nehrdzavej\u00facej ocele 304 s bambusov\u00fdm vie\u010dkom. Obsahuje popruh na pren\u00e1\u0161anie. Kapacita 600 ml. Propagujte svoju spolo\u010dnos\u0165 s f\u013ea\u0161ou Sotos.<br \/>\n<br \/>Zlo\u017eenie: oce\u013e a bambus.<br \/>Pozn\u00e1mky: Proti kvapkaniu.<br \/>\nPrezent\u00e1cia v dizajnovom boxe.<\/p>","protected":false},"excerpt":{"rendered":"<p>F\u013ea\u0161a z nehrdzavej\u00facej ocele 304 s bambusov\u00fdm vie\u010dkom. Obsahuje popruh na pren\u00e1\u0161anie. Kapacita 600 ml. Propagujte svoju spolo\u010dnos\u0165 s f\u013ea\u0161ou Sotos.<\/p>","protected":false},"featured_media":15651,"comment_status":"open","ping_status":"closed","template":"","meta":[],"product_cat":[367,364],"product_tag":[],"class_list":{"0":"post-15650","1":"product","2":"type-product","3":"status-publish","4":"has-post-thumbnail","6":"product_cat-bottles","7":"product_cat-bottles_thermos_","9":"first","10":"instock","11":"shipping-taxable","12":"purchasable","13":"product-type-variable"},"_links":{"self":[{"href":"https:\/\/www.promotio.sk\/sk\/wp-json\/wp\/v2\/product\/15650","targetHints":{"allow":["GET"]}}],"collection":[{"href":"https:\/\/www.promotio.sk\/sk\/wp-json\/wp\/v2\/product"}],"about":[{"href":"https:\/\/www.promotio.sk\/sk\/wp-json\/wp\/v2\/types\/product"}],"replies":[{"embeddable":true,"href":"https:\/\/www.promotio.sk\/sk\/wp-json\/wp\/v2\/comments?post=15650"}],"wp:featuredmedia":[{"embeddable":true,"href":"https:\/\/www.promotio.sk\/sk\/wp-json\/wp\/v2\/media\/15651"}],"wp:attachment":[{"href":"https:\/\/www.promotio.sk\/sk\/wp-json\/wp\/v2\/media?parent=15650"}],"wp:term":[{"taxonomy":"product_cat","embeddable":true,"href":"https:\/\/www.promotio.sk\/sk\/wp-json\/wp\/v2\/product_cat?post=15650"},{"taxonomy":"product_tag","embeddable":true,"href":"https:\/\/www.promotio.sk\/sk\/wp-json\/wp\/v2\/product_tag?post=15650"}],"curies":[{"name":"wp","href":"https:\/\/api.w.org\/{rel}","templated":true}]}}