{"id":15545,"date":"2024-03-07T22:55:55","date_gmt":"2024-03-07T21:55:55","guid":{"rendered":"https:\/\/www.promotio.sk\/shop\/nezaraden\u00e9\/meyer\/"},"modified":"2024-03-07T22:56:43","modified_gmt":"2024-03-07T21:56:43","slug":"meyer","status":"publish","type":"product","link":"https:\/\/www.promotio.sk\/sk\/shop\/promo-items\/bottles_thermos_\/thermos\/meyer\/","title":{"rendered":"MEYER"},"content":{"rendered":"<p>Dvojstenn\u00e1 termof\u013ea\u0161a z nehrdzavej\u00facej ocele 304 s bambusov\u00fdm uz\u00e1verom. Kapacita 550 ml. Prezent\u00e1cia v ekologickom dizajnovom boxe.<br \/>Zlo\u017eenie: Acero inoxidable 304 reciclado<br \/>Pozn\u00e1mky: Presentaci\u00f3n en caja dise\u00f1o eco.<\/p>","protected":false},"excerpt":{"rendered":"<p>Double-walled 304 stainless steel thermal bottle with bamboo cap. 550 ml capacity. Presentation in eco design box.Composition: Acero inoxidable 304<\/p>","protected":false},"featured_media":15546,"comment_status":"open","ping_status":"closed","template":"","meta":[],"product_cat":[364,365],"product_tag":[],"class_list":{"0":"post-15545","1":"product","2":"type-product","3":"status-publish","4":"has-post-thumbnail","6":"product_cat-bottles_thermos_","7":"product_cat-thermos","9":"first","10":"instock","11":"shipping-taxable","12":"purchasable","13":"product-type-variable"},"_links":{"self":[{"href":"https:\/\/www.promotio.sk\/sk\/wp-json\/wp\/v2\/product\/15545","targetHints":{"allow":["GET"]}}],"collection":[{"href":"https:\/\/www.promotio.sk\/sk\/wp-json\/wp\/v2\/product"}],"about":[{"href":"https:\/\/www.promotio.sk\/sk\/wp-json\/wp\/v2\/types\/product"}],"replies":[{"embeddable":true,"href":"https:\/\/www.promotio.sk\/sk\/wp-json\/wp\/v2\/comments?post=15545"}],"wp:featuredmedia":[{"embeddable":true,"href":"https:\/\/www.promotio.sk\/sk\/wp-json\/wp\/v2\/media\/15546"}],"wp:attachment":[{"href":"https:\/\/www.promotio.sk\/sk\/wp-json\/wp\/v2\/media?parent=15545"}],"wp:term":[{"taxonomy":"product_cat","embeddable":true,"href":"https:\/\/www.promotio.sk\/sk\/wp-json\/wp\/v2\/product_cat?post=15545"},{"taxonomy":"product_tag","embeddable":true,"href":"https:\/\/www.promotio.sk\/sk\/wp-json\/wp\/v2\/product_tag?post=15545"}],"curies":[{"name":"wp","href":"https:\/\/api.w.org\/{rel}","templated":true}]}}