{"id":15473,"date":"2024-03-07T22:40:31","date_gmt":"2024-03-07T21:40:31","guid":{"rendered":"https:\/\/www.promotio.sk\/shop\/nezaraden\u00e9\/vader\/"},"modified":"2024-03-07T22:41:32","modified_gmt":"2024-03-07T21:41:32","slug":"vader","status":"publish","type":"product","link":"https:\/\/www.promotio.sk\/sk\/shop\/promo-items\/bottles_thermos_\/thermos\/vader\/","title":{"rendered":"VADER"},"content":{"rendered":"<p>Term\u00e1lna f\u013ea\u0161a z nerezovej recyklovanej ocele 304 je ide\u00e1lnou vo\u013ebou na udr\u017eanie va\u0161ich n\u00e1pojov studen\u00e9 alebo hor\u00face cel\u00e9 hodiny. V\u010faka dvojitej izola\u010dnej stene bude efekt\u00edvne udr\u017eiava\u0165 teplotu va\u0161ich n\u00e1pojov. Bambusov\u00e9 veko a korkov\u00e1 z\u00e1klad\u0148a mu dod\u00e1vaj\u00fa prirodzen\u00fd a udr\u017eate\u013en\u00fd n\u00e1dych a z\u00e1rove\u0148 poskytuj\u00fa proti\u0161mykov\u00fd \u00fachop.<br \/>\nS kapacitou 650 ml je ide\u00e1lny na nosenie so sebou do pr\u00e1ce, pri \u0161porte alebo na cest\u00e1ch.<br \/>\nT\u00e1to f\u013ea\u0161a vyroben\u00e1 z vysoko kvalitnej recyklovanej ocele je odoln\u00e1 a pevn\u00e1. Vychutnajte si svoje ob\u013e\u00faben\u00e9 n\u00e1poje kdeko\u013evek, kedyko\u013evek \u0161t\u00fdlovo a bez ob\u00e1v z teploty. F\u013ea\u0161a \u0161etrn\u00e1 k \u017eivotn\u00e9mu prostrediu.<br \/>Zlo\u017eenie: Acero reciclado inoxidable, bamb\u00fa y corcho.<br \/>Pozn\u00e1mky: Presentaci\u00f3n en caja dise\u00f1o eco.<\/p>","protected":false},"excerpt":{"rendered":"<p>304 Stainless Recycled Steel Thermal Bottle is the perfect choice to keep your drinks cold or hot for hours. With<\/p>","protected":false},"featured_media":15474,"comment_status":"open","ping_status":"closed","template":"","meta":[],"product_cat":[364,365],"product_tag":[],"class_list":{"0":"post-15473","1":"product","2":"type-product","3":"status-publish","4":"has-post-thumbnail","6":"product_cat-bottles_thermos_","7":"product_cat-thermos","9":"first","10":"instock","11":"shipping-taxable","12":"purchasable","13":"product-type-variable"},"_links":{"self":[{"href":"https:\/\/www.promotio.sk\/sk\/wp-json\/wp\/v2\/product\/15473","targetHints":{"allow":["GET"]}}],"collection":[{"href":"https:\/\/www.promotio.sk\/sk\/wp-json\/wp\/v2\/product"}],"about":[{"href":"https:\/\/www.promotio.sk\/sk\/wp-json\/wp\/v2\/types\/product"}],"replies":[{"embeddable":true,"href":"https:\/\/www.promotio.sk\/sk\/wp-json\/wp\/v2\/comments?post=15473"}],"wp:featuredmedia":[{"embeddable":true,"href":"https:\/\/www.promotio.sk\/sk\/wp-json\/wp\/v2\/media\/15474"}],"wp:attachment":[{"href":"https:\/\/www.promotio.sk\/sk\/wp-json\/wp\/v2\/media?parent=15473"}],"wp:term":[{"taxonomy":"product_cat","embeddable":true,"href":"https:\/\/www.promotio.sk\/sk\/wp-json\/wp\/v2\/product_cat?post=15473"},{"taxonomy":"product_tag","embeddable":true,"href":"https:\/\/www.promotio.sk\/sk\/wp-json\/wp\/v2\/product_tag?post=15473"}],"curies":[{"name":"wp","href":"https:\/\/api.w.org\/{rel}","templated":true}]}}