{"id":15397,"date":"2024-03-07T22:34:05","date_gmt":"2024-03-07T21:34:05","guid":{"rendered":"https:\/\/www.promotio.sk\/shop\/nezaraden\u00e9\/boke\/"},"modified":"2024-03-07T22:34:57","modified_gmt":"2024-03-07T21:34:57","slug":"boke","status":"publish","type":"product","link":"https:\/\/www.promotio.sk\/sk\/shop\/promo-items\/bottles_thermos_\/thermos\/boke\/","title":{"rendered":"BOKE"},"content":{"rendered":"<p>Multifunk\u010dn\u00e1 termoska z nehrdzavej\u00facej ocele 304, ide\u00e1lna na jedlo. Bambusov\u00e9 veko a korkov\u00e9 dno. Ly\u017eica v cene. Kapacita 400 ml. Prezent\u00e1cia v ekologickom dizajnovom boxe.<br \/>Zlo\u017eenie: Acero inoxidable, bamb\u00fa y corcho.<br \/>Pozn\u00e1mky: Presentaci\u00f3n en caja dise\u00f1o eco.<\/p>","protected":false},"excerpt":{"rendered":"<p>304 stainless steel multifunctional thermos, ideal for food. Bamboo lid and cork bottom. Spoon included. 400 ml capacity. Presentation in<\/p>","protected":false},"featured_media":15398,"comment_status":"open","ping_status":"closed","template":"","meta":[],"product_cat":[364,365],"product_tag":[],"class_list":{"0":"post-15397","1":"product","2":"type-product","3":"status-publish","4":"has-post-thumbnail","6":"product_cat-bottles_thermos_","7":"product_cat-thermos","9":"first","10":"instock","11":"shipping-taxable","12":"purchasable","13":"product-type-variable"},"_links":{"self":[{"href":"https:\/\/www.promotio.sk\/sk\/wp-json\/wp\/v2\/product\/15397","targetHints":{"allow":["GET"]}}],"collection":[{"href":"https:\/\/www.promotio.sk\/sk\/wp-json\/wp\/v2\/product"}],"about":[{"href":"https:\/\/www.promotio.sk\/sk\/wp-json\/wp\/v2\/types\/product"}],"replies":[{"embeddable":true,"href":"https:\/\/www.promotio.sk\/sk\/wp-json\/wp\/v2\/comments?post=15397"}],"wp:featuredmedia":[{"embeddable":true,"href":"https:\/\/www.promotio.sk\/sk\/wp-json\/wp\/v2\/media\/15398"}],"wp:attachment":[{"href":"https:\/\/www.promotio.sk\/sk\/wp-json\/wp\/v2\/media?parent=15397"}],"wp:term":[{"taxonomy":"product_cat","embeddable":true,"href":"https:\/\/www.promotio.sk\/sk\/wp-json\/wp\/v2\/product_cat?post=15397"},{"taxonomy":"product_tag","embeddable":true,"href":"https:\/\/www.promotio.sk\/sk\/wp-json\/wp\/v2\/product_tag?post=15397"}],"curies":[{"name":"wp","href":"https:\/\/api.w.org\/{rel}","templated":true}]}}