{"id":15381,"date":"2024-03-07T22:32:44","date_gmt":"2024-03-07T21:32:44","guid":{"rendered":"https:\/\/www.promotio.sk\/shop\/nezaraden\u00e9\/mandy\/"},"modified":"2024-03-07T22:34:01","modified_gmt":"2024-03-07T21:34:01","slug":"mandy","status":"publish","type":"product","link":"https:\/\/www.promotio.sk\/sk\/shop\/promo-items\/bottles_thermos_\/bottles\/mandy\/","title":{"rendered":"MANDY"},"content":{"rendered":"<p>Flexibiln\u00e1 RPET f\u013ea\u0161a navrhnut\u00e1 v tvare tri\u010dka, s bezpe\u010dnostn\u00fdm uz\u00e1verom a karab\u00ednou pre \u013eahk\u00e9 pren\u00e1\u0161anie. Kapacita 470 ml.<br \/>Zlo\u017eenie: PET<br \/>Pozn\u00e1mky: Nie je mo\u017en\u00e9 um\u00fdva\u0165 v um\u00fdva\u010dke riadu.<\/p>","protected":false},"excerpt":{"rendered":"<p>Flexible RPET bottle designed in the shape of a t-shirt, with safety cap and carabiner for easy carrying. 470 ml<\/p>","protected":false},"featured_media":15382,"comment_status":"open","ping_status":"closed","template":"","meta":[],"product_cat":[367,364],"product_tag":[],"class_list":{"0":"post-15381","1":"product","2":"type-product","3":"status-publish","4":"has-post-thumbnail","6":"product_cat-bottles","7":"product_cat-bottles_thermos_","9":"first","10":"instock","11":"shipping-taxable","12":"purchasable","13":"product-type-variable"},"_links":{"self":[{"href":"https:\/\/www.promotio.sk\/sk\/wp-json\/wp\/v2\/product\/15381","targetHints":{"allow":["GET"]}}],"collection":[{"href":"https:\/\/www.promotio.sk\/sk\/wp-json\/wp\/v2\/product"}],"about":[{"href":"https:\/\/www.promotio.sk\/sk\/wp-json\/wp\/v2\/types\/product"}],"replies":[{"embeddable":true,"href":"https:\/\/www.promotio.sk\/sk\/wp-json\/wp\/v2\/comments?post=15381"}],"wp:featuredmedia":[{"embeddable":true,"href":"https:\/\/www.promotio.sk\/sk\/wp-json\/wp\/v2\/media\/15382"}],"wp:attachment":[{"href":"https:\/\/www.promotio.sk\/sk\/wp-json\/wp\/v2\/media?parent=15381"}],"wp:term":[{"taxonomy":"product_cat","embeddable":true,"href":"https:\/\/www.promotio.sk\/sk\/wp-json\/wp\/v2\/product_cat?post=15381"},{"taxonomy":"product_tag","embeddable":true,"href":"https:\/\/www.promotio.sk\/sk\/wp-json\/wp\/v2\/product_tag?post=15381"}],"curies":[{"name":"wp","href":"https:\/\/api.w.org\/{rel}","templated":true}]}}