{"id":15119,"date":"2024-03-07T22:11:09","date_gmt":"2024-03-07T21:11:09","guid":{"rendered":"https:\/\/www.promotio.sk\/shop\/nezaraden\u00e9\/alke\/"},"modified":"2024-03-07T22:12:21","modified_gmt":"2024-03-07T21:12:21","slug":"alke","status":"publish","type":"product","link":"https:\/\/www.promotio.sk\/sk\/shop\/promo-items\/bottles_thermos_\/bottles\/alke\/","title":{"rendered":"ALKE"},"content":{"rendered":"<p>Oce\u013eov\u00e1 f\u013ea\u0161a 304 s 2-farebn\u00fdm telom a matn\u00fdm povrchom. Veko s flexibilnou gumenou rukov\u00e4\u0165ou. Kapacita 850 ml. Ide\u00e1lne na vytv\u00e1ranie origin\u00e1lnych dizajnov.<br \/>Zlo\u017eenie: nehrdzavej\u00faca oce\u013e 304.<br \/>Pozn\u00e1mky: Proti kvapkaniu.<br \/>\nPrezent\u00e1cia v dizajnovom boxe.<br \/>\nNevhodn\u00e9 do um\u00fdva\u010dky riadu.<\/p>","protected":false},"excerpt":{"rendered":"<p>304 steel bottle with 2-tone body and matte finish. Lid with flexible rubber handle. 850ml capacity. Ideal for creating original<\/p>","protected":false},"featured_media":15120,"comment_status":"open","ping_status":"closed","template":"","meta":[],"product_cat":[367,364],"product_tag":[],"class_list":{"0":"post-15119","1":"product","2":"type-product","3":"status-publish","4":"has-post-thumbnail","6":"product_cat-bottles","7":"product_cat-bottles_thermos_","9":"first","10":"instock","11":"shipping-taxable","12":"purchasable","13":"product-type-variable"},"_links":{"self":[{"href":"https:\/\/www.promotio.sk\/sk\/wp-json\/wp\/v2\/product\/15119","targetHints":{"allow":["GET"]}}],"collection":[{"href":"https:\/\/www.promotio.sk\/sk\/wp-json\/wp\/v2\/product"}],"about":[{"href":"https:\/\/www.promotio.sk\/sk\/wp-json\/wp\/v2\/types\/product"}],"replies":[{"embeddable":true,"href":"https:\/\/www.promotio.sk\/sk\/wp-json\/wp\/v2\/comments?post=15119"}],"wp:featuredmedia":[{"embeddable":true,"href":"https:\/\/www.promotio.sk\/sk\/wp-json\/wp\/v2\/media\/15120"}],"wp:attachment":[{"href":"https:\/\/www.promotio.sk\/sk\/wp-json\/wp\/v2\/media?parent=15119"}],"wp:term":[{"taxonomy":"product_cat","embeddable":true,"href":"https:\/\/www.promotio.sk\/sk\/wp-json\/wp\/v2\/product_cat?post=15119"},{"taxonomy":"product_tag","embeddable":true,"href":"https:\/\/www.promotio.sk\/sk\/wp-json\/wp\/v2\/product_tag?post=15119"}],"curies":[{"name":"wp","href":"https:\/\/api.w.org\/{rel}","templated":true}]}}