{"id":15103,"date":"2024-03-07T22:09:45","date_gmt":"2024-03-07T21:09:45","guid":{"rendered":"https:\/\/www.promotio.sk\/shop\/nezaraden\u00e9\/trilby\/"},"modified":"2024-03-07T22:10:25","modified_gmt":"2024-03-07T21:10:25","slug":"trilby","status":"publish","type":"product","link":"https:\/\/www.promotio.sk\/sk\/shop\/promo-items\/bottles_thermos_\/bottles\/trilby\/","title":{"rendered":"TRILBY"},"content":{"rendered":"<p>450 ml sklenen\u00e1 f\u013ea\u0161a s v\u00fdrazn\u00fdm bambusov\u00fdm uz\u00e1verom a popruhom na pren\u00e1\u0161anie v pr\u00edrodnom preveden\u00ed.<br \/>Zlo\u017eenie: Telo: sklo.<br \/>\n\u010ciapka: bambus.<br \/>Pozn\u00e1mky: Proti kvapkaniu.<br \/>\nPrezent\u00e1cia v dizajnovom boxe.<\/p>","protected":false},"excerpt":{"rendered":"<p>450 ml glass bottle with a distinguished bamboo stopper, and strap for carrying in a natural finish.Composition: Body: glass. Cap:<\/p>","protected":false},"featured_media":15104,"comment_status":"open","ping_status":"closed","template":"","meta":[],"product_cat":[367,364,368],"product_tag":[],"class_list":{"0":"post-15103","1":"product","2":"type-product","3":"status-publish","4":"has-post-thumbnail","6":"product_cat-bottles","7":"product_cat-bottles_thermos_","8":"product_cat-glass_bottles","10":"first","11":"instock","12":"shipping-taxable","13":"purchasable","14":"product-type-variable"},"_links":{"self":[{"href":"https:\/\/www.promotio.sk\/sk\/wp-json\/wp\/v2\/product\/15103","targetHints":{"allow":["GET"]}}],"collection":[{"href":"https:\/\/www.promotio.sk\/sk\/wp-json\/wp\/v2\/product"}],"about":[{"href":"https:\/\/www.promotio.sk\/sk\/wp-json\/wp\/v2\/types\/product"}],"replies":[{"embeddable":true,"href":"https:\/\/www.promotio.sk\/sk\/wp-json\/wp\/v2\/comments?post=15103"}],"wp:featuredmedia":[{"embeddable":true,"href":"https:\/\/www.promotio.sk\/sk\/wp-json\/wp\/v2\/media\/15104"}],"wp:attachment":[{"href":"https:\/\/www.promotio.sk\/sk\/wp-json\/wp\/v2\/media?parent=15103"}],"wp:term":[{"taxonomy":"product_cat","embeddable":true,"href":"https:\/\/www.promotio.sk\/sk\/wp-json\/wp\/v2\/product_cat?post=15103"},{"taxonomy":"product_tag","embeddable":true,"href":"https:\/\/www.promotio.sk\/sk\/wp-json\/wp\/v2\/product_tag?post=15103"}],"curies":[{"name":"wp","href":"https:\/\/api.w.org\/{rel}","templated":true}]}}