{"id":14969,"date":"2024-03-07T21:11:15","date_gmt":"2024-03-07T20:11:15","guid":{"rendered":"https:\/\/www.promotio.sk\/shop\/nezaraden\u00e9\/calon\/"},"modified":"2024-03-07T21:54:30","modified_gmt":"2024-03-07T20:54:30","slug":"calon","status":"publish","type":"product","link":"https:\/\/www.promotio.sk\/sk\/shop\/promo-items\/summer\/fun\/calon\/","title":{"rendered":"CALON"},"content":{"rendered":"<p>Klasick\u00e9 frisbee z odoln\u00e9ho PP. Odoln\u00fd vo\u010di n\u00e1razom. Dostupn\u00e9 v r\u00f4znych farb\u00e1ch.<br \/>Zlo\u017eenie: PP<\/p>","protected":false},"excerpt":{"rendered":"<p>Classic frisbee in resistant PP. Shock-resistant. Available in different colours.Composition: PP<\/p>","protected":false},"featured_media":14970,"comment_status":"open","ping_status":"closed","template":"","meta":[],"product_cat":[351,350],"product_tag":[],"class_list":{"0":"post-14969","1":"product","2":"type-product","3":"status-publish","4":"has-post-thumbnail","6":"product_cat-fun","7":"product_cat-summer","9":"first","10":"instock","11":"shipping-taxable","12":"purchasable","13":"product-type-variable"},"_links":{"self":[{"href":"https:\/\/www.promotio.sk\/sk\/wp-json\/wp\/v2\/product\/14969","targetHints":{"allow":["GET"]}}],"collection":[{"href":"https:\/\/www.promotio.sk\/sk\/wp-json\/wp\/v2\/product"}],"about":[{"href":"https:\/\/www.promotio.sk\/sk\/wp-json\/wp\/v2\/types\/product"}],"replies":[{"embeddable":true,"href":"https:\/\/www.promotio.sk\/sk\/wp-json\/wp\/v2\/comments?post=14969"}],"wp:featuredmedia":[{"embeddable":true,"href":"https:\/\/www.promotio.sk\/sk\/wp-json\/wp\/v2\/media\/14970"}],"wp:attachment":[{"href":"https:\/\/www.promotio.sk\/sk\/wp-json\/wp\/v2\/media?parent=14969"}],"wp:term":[{"taxonomy":"product_cat","embeddable":true,"href":"https:\/\/www.promotio.sk\/sk\/wp-json\/wp\/v2\/product_cat?post=14969"},{"taxonomy":"product_tag","embeddable":true,"href":"https:\/\/www.promotio.sk\/sk\/wp-json\/wp\/v2\/product_tag?post=14969"}],"curies":[{"name":"wp","href":"https:\/\/api.w.org\/{rel}","templated":true}]}}