{"id":14936,"date":"2024-03-07T21:09:16","date_gmt":"2024-03-07T20:09:16","guid":{"rendered":"https:\/\/www.promotio.sk\/shop\/nezaraden\u00e9\/skye\/"},"modified":"2024-03-07T21:56:13","modified_gmt":"2024-03-07T20:56:13","slug":"skye","status":"publish","type":"product","link":"https:\/\/www.promotio.sk\/sk\/shop\/promo-items\/summer\/skye\/","title":{"rendered":"SKYE"},"content":{"rendered":"<p>8-panelov\u00fd pl\u00e1\u017eov\u00fd slne\u010dn\u00edk vyroben\u00fd z odoln\u00e9ho nylonu, dostupn\u00fd v r\u00f4znom v\u00fdbere farieb. Nastavite\u013en\u00fd hriade\u013e a rebr\u00e1 v bielej farbe. Dvojit\u00e9 \u0161it\u00e9 lemovanie v chlopniach. Vr\u00e1tane ta\u0161ky na pren\u00e1\u0161anie s ramenn\u00fdm popruhom.<br \/>Zlo\u017eenie: 190T polyester (60 gsm) a nehrdzavej\u00faca oce\u013e.<br \/>Pozn\u00e1mky: \u2013 UV ochrana.<br \/>\n\u2013 Produktov\u00fd \u0161t\u00edtok v\u0161it\u00fd vo vn\u00fatri vrecka.<\/p>","protected":false},"excerpt":{"rendered":"<p>8-panel beach umbrella made of resistant nylon, available in an assorted selection of colours. Adjustable shaft and ribs in white.<\/p>","protected":false},"featured_media":14937,"comment_status":"open","ping_status":"closed","template":"","meta":[],"product_cat":[350],"product_tag":[],"class_list":{"0":"post-14936","1":"product","2":"type-product","3":"status-publish","4":"has-post-thumbnail","6":"product_cat-summer","8":"first","9":"instock","10":"shipping-taxable","11":"purchasable","12":"product-type-variable"},"_links":{"self":[{"href":"https:\/\/www.promotio.sk\/sk\/wp-json\/wp\/v2\/product\/14936","targetHints":{"allow":["GET"]}}],"collection":[{"href":"https:\/\/www.promotio.sk\/sk\/wp-json\/wp\/v2\/product"}],"about":[{"href":"https:\/\/www.promotio.sk\/sk\/wp-json\/wp\/v2\/types\/product"}],"replies":[{"embeddable":true,"href":"https:\/\/www.promotio.sk\/sk\/wp-json\/wp\/v2\/comments?post=14936"}],"wp:featuredmedia":[{"embeddable":true,"href":"https:\/\/www.promotio.sk\/sk\/wp-json\/wp\/v2\/media\/14937"}],"wp:attachment":[{"href":"https:\/\/www.promotio.sk\/sk\/wp-json\/wp\/v2\/media?parent=14936"}],"wp:term":[{"taxonomy":"product_cat","embeddable":true,"href":"https:\/\/www.promotio.sk\/sk\/wp-json\/wp\/v2\/product_cat?post=14936"},{"taxonomy":"product_tag","embeddable":true,"href":"https:\/\/www.promotio.sk\/sk\/wp-json\/wp\/v2\/product_tag?post=14936"}],"curies":[{"name":"wp","href":"https:\/\/api.w.org\/{rel}","templated":true}]}}