{"id":14848,"date":"2024-03-07T21:03:59","date_gmt":"2024-03-07T20:03:59","guid":{"rendered":"https:\/\/www.promotio.sk\/shop\/nezaraden\u00e9\/uranus\/"},"modified":"2024-03-10T10:24:58","modified_gmt":"2024-03-10T09:24:58","slug":"uranus","status":"publish","type":"product","link":"https:\/\/www.promotio.sk\/sk\/shop\/promo-clothing\/visor-caps-hats\/visor\/uranus\/","title":{"rendered":"URANUS"},"content":{"rendered":"<p>5-panelov\u00fd uz\u00e1ver. Bavlna 100%. 170 gsm. Nastavite\u013en\u00e9 zap\u00ednanie na such\u00fd zips a vy\u0161\u00edvan\u00e9 vetracie o\u010dk\u00e1. Odn\u00edmate\u013en\u00fd \u0161t\u00edtok.<br \/>Zlo\u017eenie: 100% bavlna, 170 gsm.<br \/>Pozn\u00e1mky: * Odn\u00edmate\u013en\u00fd \u0161t\u00edtok.<br \/>\n* Minim\u00e1lna predajn\u00e1 jednotka \u2013 kompletn\u00e9 balenie.<br \/><img decoding=\"async\" src=\"https:\/\/static.gorfactory.es\/pics\/measures\/GO_HO.jpg\"><\/p>","protected":false},"excerpt":{"rendered":"<p>5-panel cap. 100% cotton. 170 gsm. Adjustable velcro fastening and embroidered vent eyelets. Removable label.Composition: 100% cotton, 170 gsm.Remarks: *<\/p>","protected":false},"featured_media":14849,"comment_status":"open","ping_status":"closed","template":"","meta":[],"product_cat":[354,23,431],"product_tag":[],"class_list":{"0":"post-14848","1":"product","2":"type-product","3":"status-publish","4":"has-post-thumbnail","6":"product_cat-visor","7":"product_cat-promo-clothing","8":"product_cat-visor-caps-hats","10":"first","11":"instock","12":"shipping-taxable","13":"purchasable","14":"product-type-variable"},"_links":{"self":[{"href":"https:\/\/www.promotio.sk\/sk\/wp-json\/wp\/v2\/product\/14848","targetHints":{"allow":["GET"]}}],"collection":[{"href":"https:\/\/www.promotio.sk\/sk\/wp-json\/wp\/v2\/product"}],"about":[{"href":"https:\/\/www.promotio.sk\/sk\/wp-json\/wp\/v2\/types\/product"}],"replies":[{"embeddable":true,"href":"https:\/\/www.promotio.sk\/sk\/wp-json\/wp\/v2\/comments?post=14848"}],"wp:featuredmedia":[{"embeddable":true,"href":"https:\/\/www.promotio.sk\/sk\/wp-json\/wp\/v2\/media\/14849"}],"wp:attachment":[{"href":"https:\/\/www.promotio.sk\/sk\/wp-json\/wp\/v2\/media?parent=14848"}],"wp:term":[{"taxonomy":"product_cat","embeddable":true,"href":"https:\/\/www.promotio.sk\/sk\/wp-json\/wp\/v2\/product_cat?post=14848"},{"taxonomy":"product_tag","embeddable":true,"href":"https:\/\/www.promotio.sk\/sk\/wp-json\/wp\/v2\/product_tag?post=14848"}],"curies":[{"name":"wp","href":"https:\/\/api.w.org\/{rel}","templated":true}]}}