{"id":14787,"date":"2024-03-07T21:00:14","date_gmt":"2024-03-07T20:00:14","guid":{"rendered":"https:\/\/www.promotio.sk\/shop\/nezaraden\u00e9\/karin\/"},"modified":"2024-03-10T10:28:57","modified_gmt":"2024-03-10T09:28:57","slug":"karin","status":"publish","type":"product","link":"https:\/\/www.promotio.sk\/sk\/shop\/promo-clothing\/visor-caps-hats\/visor\/karin\/","title":{"rendered":"KARIN"},"content":{"rendered":"<p>Priedu\u0161n\u00e1 \u0161portov\u00e1 \u010diapka z mikrovl\u00e1kna 100% so 6 panelmi. Nastavite\u013en\u00e9 zap\u00ednanie na pracku a vetracie o\u010dk\u00e1. <br \/>Zlo\u017eenie: RPET mikrovl\u00e1kno.<br \/>Pozn\u00e1mky: Odn\u00edmate\u013en\u00fd \u0161t\u00edtok. <br \/><img decoding=\"async\" src=\"https:\/\/static.gorfactory.es\/pics\/measures\/GO_HO.jpg\"><\/p>","protected":false},"excerpt":{"rendered":"<p>Breathable sports cap in 100% microfibre, with 6 panels. Adjustable buckle fastening and vent eyelets. Composition: RPET microfibre.Remarks: Removable label.<\/p>","protected":false},"featured_media":14788,"comment_status":"open","ping_status":"closed","template":"","meta":[],"product_cat":[354,23,431],"product_tag":[],"class_list":{"0":"post-14787","1":"product","2":"type-product","3":"status-publish","4":"has-post-thumbnail","6":"product_cat-visor","7":"product_cat-promo-clothing","8":"product_cat-visor-caps-hats","10":"first","11":"instock","12":"shipping-taxable","13":"purchasable","14":"product-type-variable"},"_links":{"self":[{"href":"https:\/\/www.promotio.sk\/sk\/wp-json\/wp\/v2\/product\/14787","targetHints":{"allow":["GET"]}}],"collection":[{"href":"https:\/\/www.promotio.sk\/sk\/wp-json\/wp\/v2\/product"}],"about":[{"href":"https:\/\/www.promotio.sk\/sk\/wp-json\/wp\/v2\/types\/product"}],"replies":[{"embeddable":true,"href":"https:\/\/www.promotio.sk\/sk\/wp-json\/wp\/v2\/comments?post=14787"}],"wp:featuredmedia":[{"embeddable":true,"href":"https:\/\/www.promotio.sk\/sk\/wp-json\/wp\/v2\/media\/14788"}],"wp:attachment":[{"href":"https:\/\/www.promotio.sk\/sk\/wp-json\/wp\/v2\/media?parent=14787"}],"wp:term":[{"taxonomy":"product_cat","embeddable":true,"href":"https:\/\/www.promotio.sk\/sk\/wp-json\/wp\/v2\/product_cat?post=14787"},{"taxonomy":"product_tag","embeddable":true,"href":"https:\/\/www.promotio.sk\/sk\/wp-json\/wp\/v2\/product_tag?post=14787"}],"curies":[{"name":"wp","href":"https:\/\/api.w.org\/{rel}","templated":true}]}}