{"id":14734,"date":"2024-03-07T20:56:48","date_gmt":"2024-03-07T19:56:48","guid":{"rendered":"https:\/\/www.promotio.sk\/shop\/nezaraden\u00e9\/mercury\/"},"modified":"2024-03-10T10:30:56","modified_gmt":"2024-03-10T09:30:56","slug":"mercury","status":"publish","type":"product","link":"https:\/\/www.promotio.sk\/sk\/shop\/promo-clothing\/visor-caps-hats\/visor\/mercury\/","title":{"rendered":"MERCURY"},"content":{"rendered":"<p>Technick\u00fd 3-panelov\u00fd uz\u00e1ver. \u013dahk\u00e1 a priedu\u0161n\u00e1 tkanina. Nastavite\u013en\u00e9 zap\u00ednanie na such\u00fd zips. Polyester 90% a elastan 10% (40 g\/m2). Odn\u00edmate\u013en\u00fd \u0161t\u00edtok.<br \/>Zlo\u017eenie: 90% polyester \/ 10% elastan, 140 gsm.<br \/>Pozn\u00e1mky: \u013dahko schn\u00face.<br \/>\n* Odn\u00edmate\u013en\u00fd \u0161t\u00edtok.<br \/>\n*Technick\u00e1 tkanina.<br \/>\n* Priedu\u0161n\u00e1.<br \/>\n* Minim\u00e1lna predajn\u00e1 jednotka \u2013 kompletn\u00e9 balenie.<br \/><img decoding=\"async\" src=\"https:\/\/static.gorfactory.es\/pics\/measures\/GO_HO.jpg\"><\/p>","protected":false},"excerpt":{"rendered":"<p>Technical 3-panel cap. Light and breathable fabric. Adjustable velcro fastening. 90% polyester and 10% elastane (40 gsm). Removable label.Composition: 90%<\/p>","protected":false},"featured_media":14735,"comment_status":"open","ping_status":"closed","template":"","meta":[],"product_cat":[354,23,431],"product_tag":[],"class_list":{"0":"post-14734","1":"product","2":"type-product","3":"status-publish","4":"has-post-thumbnail","6":"product_cat-visor","7":"product_cat-promo-clothing","8":"product_cat-visor-caps-hats","10":"first","11":"instock","12":"shipping-taxable","13":"purchasable","14":"product-type-variable"},"_links":{"self":[{"href":"https:\/\/www.promotio.sk\/sk\/wp-json\/wp\/v2\/product\/14734","targetHints":{"allow":["GET"]}}],"collection":[{"href":"https:\/\/www.promotio.sk\/sk\/wp-json\/wp\/v2\/product"}],"about":[{"href":"https:\/\/www.promotio.sk\/sk\/wp-json\/wp\/v2\/types\/product"}],"replies":[{"embeddable":true,"href":"https:\/\/www.promotio.sk\/sk\/wp-json\/wp\/v2\/comments?post=14734"}],"wp:featuredmedia":[{"embeddable":true,"href":"https:\/\/www.promotio.sk\/sk\/wp-json\/wp\/v2\/media\/14735"}],"wp:attachment":[{"href":"https:\/\/www.promotio.sk\/sk\/wp-json\/wp\/v2\/media?parent=14734"}],"wp:term":[{"taxonomy":"product_cat","embeddable":true,"href":"https:\/\/www.promotio.sk\/sk\/wp-json\/wp\/v2\/product_cat?post=14734"},{"taxonomy":"product_tag","embeddable":true,"href":"https:\/\/www.promotio.sk\/sk\/wp-json\/wp\/v2\/product_tag?post=14734"}],"curies":[{"name":"wp","href":"https:\/\/api.w.org\/{rel}","templated":true}]}}