{"id":14699,"date":"2024-03-07T20:54:47","date_gmt":"2024-03-07T19:54:47","guid":{"rendered":"https:\/\/www.promotio.sk\/shop\/nezaraden\u00e9\/terra\/"},"modified":"2024-03-10T10:31:43","modified_gmt":"2024-03-10T09:31:43","slug":"terra","status":"publish","type":"product","link":"https:\/\/www.promotio.sk\/sk\/shop\/promo-clothing\/visor-caps-hats\/visor\/terra\/","title":{"rendered":"TERRA"},"content":{"rendered":"<p>Le\u017e\u00e9rna 6-panelov\u00e1 \u0161iltovka. Vn\u00fatro \u0161iltu v kontraste s pot\u00edtkom. Kovov\u00e9 o\u010dk\u00e1 a nastavite\u013en\u00e9 zap\u00ednanie. Bavlna 100%. 260 gsm. Odn\u00edmate\u013en\u00fd \u0161t\u00edtok.<br \/>Zlo\u017eenie: 100% bavlna, 260 gsm.<br \/>Pozn\u00e1mky: *Odn\u00edmate\u013en\u00fd \u0161t\u00edtok.<br \/>\n* Minim\u00e1lna predajn\u00e1 jednotka \u2013 kompletn\u00e9 balenie.<br \/><img decoding=\"async\" src=\"https:\/\/static.gorfactory.es\/pics\/measures\/GO_HO.jpg\"><\/p>","protected":false},"excerpt":{"rendered":"<p>Casual 6-panel cap. Interior of the peak in contrast with the sweatband. Metal eyelets and adjustable fastener. 100% cotton. 260<\/p>","protected":false},"featured_media":14700,"comment_status":"open","ping_status":"closed","template":"","meta":[],"product_cat":[354,23,431],"product_tag":[],"class_list":{"0":"post-14699","1":"product","2":"type-product","3":"status-publish","4":"has-post-thumbnail","6":"product_cat-visor","7":"product_cat-promo-clothing","8":"product_cat-visor-caps-hats","10":"first","11":"instock","12":"shipping-taxable","13":"purchasable","14":"product-type-variable"},"_links":{"self":[{"href":"https:\/\/www.promotio.sk\/sk\/wp-json\/wp\/v2\/product\/14699","targetHints":{"allow":["GET"]}}],"collection":[{"href":"https:\/\/www.promotio.sk\/sk\/wp-json\/wp\/v2\/product"}],"about":[{"href":"https:\/\/www.promotio.sk\/sk\/wp-json\/wp\/v2\/types\/product"}],"replies":[{"embeddable":true,"href":"https:\/\/www.promotio.sk\/sk\/wp-json\/wp\/v2\/comments?post=14699"}],"wp:featuredmedia":[{"embeddable":true,"href":"https:\/\/www.promotio.sk\/sk\/wp-json\/wp\/v2\/media\/14700"}],"wp:attachment":[{"href":"https:\/\/www.promotio.sk\/sk\/wp-json\/wp\/v2\/media?parent=14699"}],"wp:term":[{"taxonomy":"product_cat","embeddable":true,"href":"https:\/\/www.promotio.sk\/sk\/wp-json\/wp\/v2\/product_cat?post=14699"},{"taxonomy":"product_tag","embeddable":true,"href":"https:\/\/www.promotio.sk\/sk\/wp-json\/wp\/v2\/product_tag?post=14699"}],"curies":[{"name":"wp","href":"https:\/\/api.w.org\/{rel}","templated":true}]}}