{"id":14554,"date":"2024-03-07T18:59:40","date_gmt":"2024-03-07T17:59:40","guid":{"rendered":"https:\/\/www.promotio.sk\/shop\/nezaraden\u00e9\/chelsy\/"},"modified":"2024-03-07T19:00:28","modified_gmt":"2024-03-07T18:00:28","slug":"chelsy","status":"publish","type":"product","link":"https:\/\/www.promotio.sk\/sk\/shop\/promo-items\/bags_travel\/travel_accessories\/chelsy\/","title":{"rendered":"CHELSY"},"content":{"rendered":"<p>S\u00faprava na \u010distenie top\u00e1nok vr\u00e1tane 5 doplnkov: ly\u017eica na top\u00e1nky, \u010distiaca handri\u010dka, 2 dreven\u00e9 kefky a neutr\u00e1lna le\u0161tenka. Udr\u017eujte svoje top\u00e1nky \u010dist\u00e9 kdeko\u013evek. Ide\u00e1lne pre va\u0161e cesty.<br \/>Pozn\u00e1mky: Prezent\u00e1cia v kovovej krabi\u010dke. <\/p>","protected":false},"excerpt":{"rendered":"<p>Shoe cleaning kit including 5 accessories: a shoehorn, a cleaning cloth, 2 wooden brushes and a neutral polish. Keep your<\/p>","protected":false},"featured_media":14555,"comment_status":"open","ping_status":"closed","template":"","meta":[],"product_cat":[298,303],"product_tag":[],"class_list":{"0":"post-14554","1":"product","2":"type-product","3":"status-publish","4":"has-post-thumbnail","6":"product_cat-bags_travel","7":"product_cat-travel_accessories","9":"first","10":"instock","11":"shipping-taxable","12":"purchasable","13":"product-type-variable"},"_links":{"self":[{"href":"https:\/\/www.promotio.sk\/sk\/wp-json\/wp\/v2\/product\/14554","targetHints":{"allow":["GET"]}}],"collection":[{"href":"https:\/\/www.promotio.sk\/sk\/wp-json\/wp\/v2\/product"}],"about":[{"href":"https:\/\/www.promotio.sk\/sk\/wp-json\/wp\/v2\/types\/product"}],"replies":[{"embeddable":true,"href":"https:\/\/www.promotio.sk\/sk\/wp-json\/wp\/v2\/comments?post=14554"}],"wp:featuredmedia":[{"embeddable":true,"href":"https:\/\/www.promotio.sk\/sk\/wp-json\/wp\/v2\/media\/14555"}],"wp:attachment":[{"href":"https:\/\/www.promotio.sk\/sk\/wp-json\/wp\/v2\/media?parent=14554"}],"wp:term":[{"taxonomy":"product_cat","embeddable":true,"href":"https:\/\/www.promotio.sk\/sk\/wp-json\/wp\/v2\/product_cat?post=14554"},{"taxonomy":"product_tag","embeddable":true,"href":"https:\/\/www.promotio.sk\/sk\/wp-json\/wp\/v2\/product_tag?post=14554"}],"curies":[{"name":"wp","href":"https:\/\/api.w.org\/{rel}","templated":true}]}}