{"id":14464,"date":"2024-03-07T18:51:28","date_gmt":"2024-03-07T17:51:28","guid":{"rendered":"https:\/\/www.promotio.sk\/shop\/nezaraden\u00e9\/timber\/"},"modified":"2024-03-07T18:52:24","modified_gmt":"2024-03-07T17:52:24","slug":"timber","status":"publish","type":"product","link":"https:\/\/www.promotio.sk\/sk\/shop\/promo-items\/bags_travel\/travel_accessories\/timber\/","title":{"rendered":"DREVO"},"content":{"rendered":"<p>Dr\u017eiak RFID kariet z recyklovan\u00e9ho polyesteru RPET v energickom dizajne je elegantnou a udr\u017eate\u013enou mo\u017enos\u0165ou, ako udr\u017ea\u0165 va\u0161e karty organizovan\u00e9. Tento dr\u017eiak karty je vyroben\u00fd z recyklovan\u00e9ho polyesteru RPET a prispieva k zn\u00ed\u017eeniu odpadu a starostlivosti o \u017eivotn\u00e9 prostredie.<br \/>\nDr\u017eiak karty so svoj\u00edm energick\u00fdm dizajnom dod\u00e1 v\u00e1\u0161mu \u0161t\u00fdlu modern\u00fd a sofistikovan\u00fd n\u00e1dych. M\u00e1 tri priehradky na karty, ktor\u00e9 v\u00e1m umo\u017enia nosi\u0165 kreditn\u00e9, debetn\u00e9, ID a \u010fal\u0161ie karty, ktor\u00e9 potrebujete ma\u0165 po ruke.<br \/>\n Navy\u0161e, kompaktn\u00fd a \u013eahk\u00fd dizajn dr\u017eiaka karty ho rob\u00ed ide\u00e1lnym na nosenie vo vrecku alebo ta\u0161ke bez toho, aby zaberal pr\u00edli\u0161 ve\u013ea miesta.<br \/>\nS t\u00fdmto dr\u017eiakom na karty z recyklovan\u00e9ho polyesteru RPET m\u00f4\u017eete ma\u0165 svoje karty usporiadan\u00e9 praktick\u00fdm a ekologick\u00fdm sp\u00f4sobom. Vyberte si udr\u017eate\u013en\u00fa a \u0161t\u00fdlov\u00fa mo\u017enos\u0165 s dr\u017eiakom na karty z recyklovan\u00e9ho polyesteru RPET v energickom dizajne.<br \/>Zlo\u017eenie: RPET<\/p>","protected":false},"excerpt":{"rendered":"<p>The RPET recycled polyester RFID card holder in vigore design is an elegant and sustainable option to keep your cards<\/p>","protected":false},"featured_media":14465,"comment_status":"open","ping_status":"closed","template":"","meta":[],"product_cat":[298,303],"product_tag":[],"class_list":{"0":"post-14464","1":"product","2":"type-product","3":"status-publish","4":"has-post-thumbnail","6":"product_cat-bags_travel","7":"product_cat-travel_accessories","9":"first","10":"instock","11":"shipping-taxable","12":"purchasable","13":"product-type-variable"},"_links":{"self":[{"href":"https:\/\/www.promotio.sk\/sk\/wp-json\/wp\/v2\/product\/14464","targetHints":{"allow":["GET"]}}],"collection":[{"href":"https:\/\/www.promotio.sk\/sk\/wp-json\/wp\/v2\/product"}],"about":[{"href":"https:\/\/www.promotio.sk\/sk\/wp-json\/wp\/v2\/types\/product"}],"replies":[{"embeddable":true,"href":"https:\/\/www.promotio.sk\/sk\/wp-json\/wp\/v2\/comments?post=14464"}],"wp:featuredmedia":[{"embeddable":true,"href":"https:\/\/www.promotio.sk\/sk\/wp-json\/wp\/v2\/media\/14465"}],"wp:attachment":[{"href":"https:\/\/www.promotio.sk\/sk\/wp-json\/wp\/v2\/media?parent=14464"}],"wp:term":[{"taxonomy":"product_cat","embeddable":true,"href":"https:\/\/www.promotio.sk\/sk\/wp-json\/wp\/v2\/product_cat?post=14464"},{"taxonomy":"product_tag","embeddable":true,"href":"https:\/\/www.promotio.sk\/sk\/wp-json\/wp\/v2\/product_tag?post=14464"}],"curies":[{"name":"wp","href":"https:\/\/api.w.org\/{rel}","templated":true}]}}