{"id":14452,"date":"2024-03-07T18:50:13","date_gmt":"2024-03-07T17:50:13","guid":{"rendered":"https:\/\/www.promotio.sk\/shop\/nezaraden\u00e9\/marlox\/"},"modified":"2024-03-07T18:51:25","modified_gmt":"2024-03-07T17:51:25","slug":"marlox","status":"publish","type":"product","link":"https:\/\/www.promotio.sk\/sk\/shop\/promo-items\/bags_travel\/cooler_bags\/marlox\/","title":{"rendered":"MARLOX"},"content":{"rendered":"<p>XL chladiaca ta\u0161ka z RPET polyesteru vo vresovom preveden\u00ed. Dvojit\u00e9 oddelenie a predn\u00e9 vrecko. Izotermick\u00e1 pod\u0161\u00edvka. V\u00e4\u010d\u0161ia kapacita na pohodln\u00e9 uchov\u00e1vanie a pren\u00e1\u0161anie n\u00e1pojov a jedla.<br \/>Zlo\u017eenie: RPET polyester.<br \/>Pozn\u00e1mky: S\u00fa\u010das\u0165ou balenia je nastavite\u013en\u00fd popruh.<\/p>","protected":false},"excerpt":{"rendered":"<p>XL cooler bag made of RPET polyester in a heather design. Double compartment and front pocket. Isothermic lining. More capacity<\/p>","protected":false},"featured_media":14453,"comment_status":"open","ping_status":"closed","template":"","meta":[],"product_cat":[298,305],"product_tag":[],"class_list":{"0":"post-14452","1":"product","2":"type-product","3":"status-publish","4":"has-post-thumbnail","6":"product_cat-bags_travel","7":"product_cat-cooler_bags","9":"first","10":"instock","11":"shipping-taxable","12":"purchasable","13":"product-type-variable"},"_links":{"self":[{"href":"https:\/\/www.promotio.sk\/sk\/wp-json\/wp\/v2\/product\/14452","targetHints":{"allow":["GET"]}}],"collection":[{"href":"https:\/\/www.promotio.sk\/sk\/wp-json\/wp\/v2\/product"}],"about":[{"href":"https:\/\/www.promotio.sk\/sk\/wp-json\/wp\/v2\/types\/product"}],"replies":[{"embeddable":true,"href":"https:\/\/www.promotio.sk\/sk\/wp-json\/wp\/v2\/comments?post=14452"}],"wp:featuredmedia":[{"embeddable":true,"href":"https:\/\/www.promotio.sk\/sk\/wp-json\/wp\/v2\/media\/14453"}],"wp:attachment":[{"href":"https:\/\/www.promotio.sk\/sk\/wp-json\/wp\/v2\/media?parent=14452"}],"wp:term":[{"taxonomy":"product_cat","embeddable":true,"href":"https:\/\/www.promotio.sk\/sk\/wp-json\/wp\/v2\/product_cat?post=14452"},{"taxonomy":"product_tag","embeddable":true,"href":"https:\/\/www.promotio.sk\/sk\/wp-json\/wp\/v2\/product_tag?post=14452"}],"curies":[{"name":"wp","href":"https:\/\/api.w.org\/{rel}","templated":true}]}}