{"id":14436,"date":"2024-03-07T18:48:41","date_gmt":"2024-03-07T17:48:41","guid":{"rendered":"https:\/\/www.promotio.sk\/shop\/nezaraden\u00e9\/milana\/"},"modified":"2024-03-07T20:34:36","modified_gmt":"2024-03-07T19:34:36","slug":"milana","status":"publish","type":"product","link":"https:\/\/www.promotio.sk\/sk\/shop\/promo-items\/bags_travel\/cooler_bags\/milana\/","title":{"rendered":"MILANA"},"content":{"rendered":"<p>Chladiaca ta\u0161ka z laminovan\u00e9ho kraftov\u00e9ho papiera s izotermickou hlin\u00edkovou pod\u0161\u00edvkou a 2 mm izola\u010dnou penou. 60 cm dlh\u00e1 rukov\u00e4\u0165 a objem 3 litre (6 plechoviek). Chlop\u0148a so zap\u00ednan\u00edm na zips a praktickou rukov\u00e4\u0165ou na pren\u00e1\u0161anie.<br \/>Zlo\u017eenie: 130 gsm kraft papier, hlin\u00edk a pena.<br \/>Pozn\u00e1mky: Vn\u00fatorn\u00fd na\u0161it\u00fd \u0161t\u00edtok.<\/p>","protected":false},"excerpt":{"rendered":"<p>Cooler bag made of laminated kraft paper with isothermal aluminium lining and 2 mm insulating foam. 60 cm long handle<\/p>","protected":false},"featured_media":14437,"comment_status":"open","ping_status":"closed","template":"","meta":[],"product_cat":[298,305],"product_tag":[],"class_list":{"0":"post-14436","1":"product","2":"type-product","3":"status-publish","4":"has-post-thumbnail","6":"product_cat-bags_travel","7":"product_cat-cooler_bags","9":"first","10":"instock","11":"shipping-taxable","12":"purchasable","13":"product-type-variable"},"_links":{"self":[{"href":"https:\/\/www.promotio.sk\/sk\/wp-json\/wp\/v2\/product\/14436","targetHints":{"allow":["GET"]}}],"collection":[{"href":"https:\/\/www.promotio.sk\/sk\/wp-json\/wp\/v2\/product"}],"about":[{"href":"https:\/\/www.promotio.sk\/sk\/wp-json\/wp\/v2\/types\/product"}],"replies":[{"embeddable":true,"href":"https:\/\/www.promotio.sk\/sk\/wp-json\/wp\/v2\/comments?post=14436"}],"wp:featuredmedia":[{"embeddable":true,"href":"https:\/\/www.promotio.sk\/sk\/wp-json\/wp\/v2\/media\/14437"}],"wp:attachment":[{"href":"https:\/\/www.promotio.sk\/sk\/wp-json\/wp\/v2\/media?parent=14436"}],"wp:term":[{"taxonomy":"product_cat","embeddable":true,"href":"https:\/\/www.promotio.sk\/sk\/wp-json\/wp\/v2\/product_cat?post=14436"},{"taxonomy":"product_tag","embeddable":true,"href":"https:\/\/www.promotio.sk\/sk\/wp-json\/wp\/v2\/product_tag?post=14436"}],"curies":[{"name":"wp","href":"https:\/\/api.w.org\/{rel}","templated":true}]}}