{"id":14424,"date":"2024-03-07T18:47:34","date_gmt":"2024-03-07T17:47:34","guid":{"rendered":"https:\/\/www.promotio.sk\/shop\/nezaraden\u00e9\/serreta\/"},"modified":"2024-03-07T20:34:53","modified_gmt":"2024-03-07T19:34:53","slug":"serreta","status":"publish","type":"product","link":"https:\/\/www.promotio.sk\/sk\/shop\/promo-items\/bags_travel\/cooler_bags\/serreta\/","title":{"rendered":"SERRETA"},"content":{"rendered":"<p>Chladiaca ta\u0161ka z laminovan\u00e9ho papiera s hlin\u00edkovou izotermickou pod\u0161\u00edvkou a 2 mm izola\u010dnou penou. 60 cm rukov\u00e4\u0165 a chlop\u0148a s tesnen\u00edm na such\u00fd zips. Zodpovedaj\u00face farebn\u00e9 ozdoby v ta\u0161ke a rukov\u00e4ti.<br \/>Zlo\u017eenie: 130 gsm kraft papier, hlin\u00edk a pena.<br \/>Pozn\u00e1mky: Vn\u00fatorn\u00fd na\u0161it\u00fd \u0161t\u00edtok.<\/p>","protected":false},"excerpt":{"rendered":"<p>Cooler bag made of laminated paper with aluminium isothermic lining and 2 mm insulating foam. 60 cm handle and flap<\/p>","protected":false},"featured_media":14425,"comment_status":"open","ping_status":"closed","template":"","meta":[],"product_cat":[298,305],"product_tag":[],"class_list":{"0":"post-14424","1":"product","2":"type-product","3":"status-publish","4":"has-post-thumbnail","6":"product_cat-bags_travel","7":"product_cat-cooler_bags","9":"first","10":"instock","11":"shipping-taxable","12":"purchasable","13":"product-type-variable"},"_links":{"self":[{"href":"https:\/\/www.promotio.sk\/sk\/wp-json\/wp\/v2\/product\/14424","targetHints":{"allow":["GET"]}}],"collection":[{"href":"https:\/\/www.promotio.sk\/sk\/wp-json\/wp\/v2\/product"}],"about":[{"href":"https:\/\/www.promotio.sk\/sk\/wp-json\/wp\/v2\/types\/product"}],"replies":[{"embeddable":true,"href":"https:\/\/www.promotio.sk\/sk\/wp-json\/wp\/v2\/comments?post=14424"}],"wp:featuredmedia":[{"embeddable":true,"href":"https:\/\/www.promotio.sk\/sk\/wp-json\/wp\/v2\/media\/14425"}],"wp:attachment":[{"href":"https:\/\/www.promotio.sk\/sk\/wp-json\/wp\/v2\/media?parent=14424"}],"wp:term":[{"taxonomy":"product_cat","embeddable":true,"href":"https:\/\/www.promotio.sk\/sk\/wp-json\/wp\/v2\/product_cat?post=14424"},{"taxonomy":"product_tag","embeddable":true,"href":"https:\/\/www.promotio.sk\/sk\/wp-json\/wp\/v2\/product_tag?post=14424"}],"curies":[{"name":"wp","href":"https:\/\/api.w.org\/{rel}","templated":true}]}}