{"id":14394,"date":"2024-03-07T18:44:54","date_gmt":"2024-03-07T17:44:54","guid":{"rendered":"https:\/\/www.promotio.sk\/shop\/nezaraden\u00e9\/graja\/"},"modified":"2024-03-07T20:35:46","modified_gmt":"2024-03-07T19:35:46","slug":"graja","status":"publish","type":"product","link":"https:\/\/www.promotio.sk\/sk\/shop\/promo-items\/bags_travel\/cooler_bags\/graja\/","title":{"rendered":"GRAJA"},"content":{"rendered":"<p>Chladiaca ta\u0161ka na \u0161n\u00farku s izotermickou hlin\u00edkovou pod\u0161\u00edvkou. Obal z 210D polyesteru.<br \/>Zlo\u017eenie: Interi\u00e9r: izotermick\u00fd hlin\u00edk.<br \/>\nVonkaj\u0161ia \u010das\u0165: 210D polyester.<br \/>Pozn\u00e1mky: Kapacita: 10 litrov.<\/p>","protected":false},"excerpt":{"rendered":"<p>Cooler drawstring bag with isothermal aluminium lining. Shell in 210D polyester.Composition: Interior: isothermal aluminium. Exterior: 210D polyester.Remarks: Capacity: 10 liters.<\/p>","protected":false},"featured_media":14395,"comment_status":"open","ping_status":"closed","template":"","meta":[],"product_cat":[298,305],"product_tag":[],"class_list":{"0":"post-14394","1":"product","2":"type-product","3":"status-publish","4":"has-post-thumbnail","6":"product_cat-bags_travel","7":"product_cat-cooler_bags","9":"first","10":"instock","11":"shipping-taxable","12":"purchasable","13":"product-type-variable"},"_links":{"self":[{"href":"https:\/\/www.promotio.sk\/sk\/wp-json\/wp\/v2\/product\/14394","targetHints":{"allow":["GET"]}}],"collection":[{"href":"https:\/\/www.promotio.sk\/sk\/wp-json\/wp\/v2\/product"}],"about":[{"href":"https:\/\/www.promotio.sk\/sk\/wp-json\/wp\/v2\/types\/product"}],"replies":[{"embeddable":true,"href":"https:\/\/www.promotio.sk\/sk\/wp-json\/wp\/v2\/comments?post=14394"}],"wp:featuredmedia":[{"embeddable":true,"href":"https:\/\/www.promotio.sk\/sk\/wp-json\/wp\/v2\/media\/14395"}],"wp:attachment":[{"href":"https:\/\/www.promotio.sk\/sk\/wp-json\/wp\/v2\/media?parent=14394"}],"wp:term":[{"taxonomy":"product_cat","embeddable":true,"href":"https:\/\/www.promotio.sk\/sk\/wp-json\/wp\/v2\/product_cat?post=14394"},{"taxonomy":"product_tag","embeddable":true,"href":"https:\/\/www.promotio.sk\/sk\/wp-json\/wp\/v2\/product_tag?post=14394"}],"curies":[{"name":"wp","href":"https:\/\/api.w.org\/{rel}","templated":true}]}}