{"id":14371,"date":"2024-03-07T18:42:55","date_gmt":"2024-03-07T17:42:55","guid":{"rendered":"https:\/\/www.promotio.sk\/shop\/nezaraden\u00e9\/kemer\/"},"modified":"2024-03-07T18:43:35","modified_gmt":"2024-03-07T17:43:35","slug":"kemer","status":"publish","type":"product","link":"https:\/\/www.promotio.sk\/sk\/shop\/promo-items\/bags_travel\/cooler_bags\/kemer\/","title":{"rendered":"KEMER"},"content":{"rendered":"<p>Chladiaca ta\u0161ka z laminovan\u00e9ho papiera s izotermickou hlin\u00edkovou pod\u0161\u00edvkou. Udr\u017eujte svoje jedlo alebo n\u00e1poje v primeranej teplote a noste ich kdeko\u013evek. Chlop\u0148a a vonkaj\u0161ie vrecko so such\u00fdm zipsom.<br \/>\n<br \/>Zlo\u017eenie: laminovan\u00fd papier.<\/p>","protected":false},"excerpt":{"rendered":"<p>Cooler bag in laminated paper with isothermic aluminium lining. Keep your food or drinks at an adequate temperature and carry<\/p>","protected":false},"featured_media":14372,"comment_status":"open","ping_status":"closed","template":"","meta":[],"product_cat":[298,305],"product_tag":[],"class_list":{"0":"post-14371","1":"product","2":"type-product","3":"status-publish","4":"has-post-thumbnail","6":"product_cat-bags_travel","7":"product_cat-cooler_bags","9":"first","10":"instock","11":"shipping-taxable","12":"purchasable","13":"product-type-variable"},"_links":{"self":[{"href":"https:\/\/www.promotio.sk\/sk\/wp-json\/wp\/v2\/product\/14371","targetHints":{"allow":["GET"]}}],"collection":[{"href":"https:\/\/www.promotio.sk\/sk\/wp-json\/wp\/v2\/product"}],"about":[{"href":"https:\/\/www.promotio.sk\/sk\/wp-json\/wp\/v2\/types\/product"}],"replies":[{"embeddable":true,"href":"https:\/\/www.promotio.sk\/sk\/wp-json\/wp\/v2\/comments?post=14371"}],"wp:featuredmedia":[{"embeddable":true,"href":"https:\/\/www.promotio.sk\/sk\/wp-json\/wp\/v2\/media\/14372"}],"wp:attachment":[{"href":"https:\/\/www.promotio.sk\/sk\/wp-json\/wp\/v2\/media?parent=14371"}],"wp:term":[{"taxonomy":"product_cat","embeddable":true,"href":"https:\/\/www.promotio.sk\/sk\/wp-json\/wp\/v2\/product_cat?post=14371"},{"taxonomy":"product_tag","embeddable":true,"href":"https:\/\/www.promotio.sk\/sk\/wp-json\/wp\/v2\/product_tag?post=14371"}],"curies":[{"name":"wp","href":"https:\/\/api.w.org\/{rel}","templated":true}]}}