{"id":14355,"date":"2024-03-07T18:41:33","date_gmt":"2024-03-07T17:41:33","guid":{"rendered":"https:\/\/www.promotio.sk\/shop\/nezaraden\u00e9\/lombas\/"},"modified":"2024-03-07T20:36:15","modified_gmt":"2024-03-07T19:36:15","slug":"lombas","status":"publish","type":"product","link":"https:\/\/www.promotio.sk\/sk\/shop\/promo-items\/bags_travel\/cooler_bags\/lombas\/","title":{"rendered":"LOMBAS"},"content":{"rendered":"<p>Op\u00e4tovne pou\u017eite\u013en\u00e9 sendvi\u010dov\u00e9 vrecko z RPET polyesteru s PEVA izotermickou vn\u00fatornou pod\u0161\u00edvkou. Zap\u00ednanie na such\u00fd zips. Jednoduch\u00e9 \u010distenie. <\/p>\n<p>Zlo\u017eenie: RPET polyester.<\/p>","protected":false},"excerpt":{"rendered":"<p>Reusable sandwich pouch in RPET polyester with PEVA isothermic inner lining. Velcro fastening. Easy to clean. Composition: RPET polyester.<\/p>","protected":false},"featured_media":14356,"comment_status":"open","ping_status":"closed","template":"","meta":[],"product_cat":[298,305],"product_tag":[],"class_list":{"0":"post-14355","1":"product","2":"type-product","3":"status-publish","4":"has-post-thumbnail","6":"product_cat-bags_travel","7":"product_cat-cooler_bags","9":"first","10":"instock","11":"shipping-taxable","12":"purchasable","13":"product-type-variable"},"_links":{"self":[{"href":"https:\/\/www.promotio.sk\/sk\/wp-json\/wp\/v2\/product\/14355","targetHints":{"allow":["GET"]}}],"collection":[{"href":"https:\/\/www.promotio.sk\/sk\/wp-json\/wp\/v2\/product"}],"about":[{"href":"https:\/\/www.promotio.sk\/sk\/wp-json\/wp\/v2\/types\/product"}],"replies":[{"embeddable":true,"href":"https:\/\/www.promotio.sk\/sk\/wp-json\/wp\/v2\/comments?post=14355"}],"wp:featuredmedia":[{"embeddable":true,"href":"https:\/\/www.promotio.sk\/sk\/wp-json\/wp\/v2\/media\/14356"}],"wp:attachment":[{"href":"https:\/\/www.promotio.sk\/sk\/wp-json\/wp\/v2\/media?parent=14355"}],"wp:term":[{"taxonomy":"product_cat","embeddable":true,"href":"https:\/\/www.promotio.sk\/sk\/wp-json\/wp\/v2\/product_cat?post=14355"},{"taxonomy":"product_tag","embeddable":true,"href":"https:\/\/www.promotio.sk\/sk\/wp-json\/wp\/v2\/product_tag?post=14355"}],"curies":[{"name":"wp","href":"https:\/\/api.w.org\/{rel}","templated":true}]}}