{"id":14348,"date":"2024-03-07T18:40:56","date_gmt":"2024-03-07T17:40:56","guid":{"rendered":"https:\/\/www.promotio.sk\/shop\/nezaraden\u00e9\/venice\/"},"modified":"2024-03-07T20:37:51","modified_gmt":"2024-03-07T19:37:51","slug":"venice","status":"publish","type":"product","link":"https:\/\/www.promotio.sk\/sk\/shop\/promo-items\/bags_travel\/cooler_bags\/venice\/","title":{"rendered":"BEN\u00c1TKY"},"content":{"rendered":"<p>Chladiaca ta\u0161ka z laminovanej juty. Izotermick\u00e1 hlin\u00edkov\u00e1 pod\u0161\u00edvka a zap\u00ednanie na such\u00fd zips. Udr\u017eujte svoje n\u00e1poje a jedlo pri primeranej teplote. Predn\u00e9 vrecko a r\u00fa\u010dky z pr\u00edrodnej bavlny.<br \/>\n<br \/>Zlo\u017eenie: Juta a pr\u00edrodn\u00e1 bavlna.<br \/>Pozn\u00e1mky: Kapacita: 20 l<\/p>","protected":false},"excerpt":{"rendered":"<p>Cooler bag in laminated jute. Isothermic aluminium lining and velcro fastening. Keep your drinks and food at an adequate temperature.<\/p>","protected":false},"featured_media":14349,"comment_status":"open","ping_status":"closed","template":"","meta":[],"product_cat":[298,305],"product_tag":[],"class_list":{"0":"post-14348","1":"product","2":"type-product","3":"status-publish","4":"has-post-thumbnail","6":"product_cat-bags_travel","7":"product_cat-cooler_bags","9":"first","10":"instock","11":"shipping-taxable","12":"purchasable","13":"product-type-variable"},"_links":{"self":[{"href":"https:\/\/www.promotio.sk\/sk\/wp-json\/wp\/v2\/product\/14348","targetHints":{"allow":["GET"]}}],"collection":[{"href":"https:\/\/www.promotio.sk\/sk\/wp-json\/wp\/v2\/product"}],"about":[{"href":"https:\/\/www.promotio.sk\/sk\/wp-json\/wp\/v2\/types\/product"}],"replies":[{"embeddable":true,"href":"https:\/\/www.promotio.sk\/sk\/wp-json\/wp\/v2\/comments?post=14348"}],"wp:featuredmedia":[{"embeddable":true,"href":"https:\/\/www.promotio.sk\/sk\/wp-json\/wp\/v2\/media\/14349"}],"wp:attachment":[{"href":"https:\/\/www.promotio.sk\/sk\/wp-json\/wp\/v2\/media?parent=14348"}],"wp:term":[{"taxonomy":"product_cat","embeddable":true,"href":"https:\/\/www.promotio.sk\/sk\/wp-json\/wp\/v2\/product_cat?post=14348"},{"taxonomy":"product_tag","embeddable":true,"href":"https:\/\/www.promotio.sk\/sk\/wp-json\/wp\/v2\/product_tag?post=14348"}],"curies":[{"name":"wp","href":"https:\/\/api.w.org\/{rel}","templated":true}]}}