{"id":14332,"date":"2024-03-07T18:39:33","date_gmt":"2024-03-07T17:39:33","guid":{"rendered":"https:\/\/www.promotio.sk\/shop\/nezaraden\u00e9\/bayona\/"},"modified":"2024-03-07T20:36:40","modified_gmt":"2024-03-07T19:36:40","slug":"bayona","status":"publish","type":"product","link":"https:\/\/www.promotio.sk\/sk\/shop\/promo-items\/bags_travel\/cooler_bags\/bayona\/","title":{"rendered":"BAYONA"},"content":{"rendered":"<p>Multifunk\u010dn\u00e1 chladiaca ta\u0161ka z 600D polyesteru. Izotermick\u00e9 hlavn\u00e9 vrecko a praktick\u00e9 predn\u00e9 vrecko. Vr\u00e1tane nastavite\u013en\u00e9ho popruhu. <br \/>Zlo\u017eenie: Polyester 600D<br \/>Pozn\u00e1mky: Kapacita: 15 l<\/p>","protected":false},"excerpt":{"rendered":"<p>Multifuntional cooler bag in 600D polyester. Isothermal main pocket and practical front one. Adjustable carry strap included. Composition: Poli\u00e9ster 600DRemarks:<\/p>","protected":false},"featured_media":14333,"comment_status":"open","ping_status":"closed","template":"","meta":[],"product_cat":[298,305],"product_tag":[],"class_list":{"0":"post-14332","1":"product","2":"type-product","3":"status-publish","4":"has-post-thumbnail","6":"product_cat-bags_travel","7":"product_cat-cooler_bags","9":"first","10":"instock","11":"shipping-taxable","12":"purchasable","13":"product-type-variable"},"_links":{"self":[{"href":"https:\/\/www.promotio.sk\/sk\/wp-json\/wp\/v2\/product\/14332","targetHints":{"allow":["GET"]}}],"collection":[{"href":"https:\/\/www.promotio.sk\/sk\/wp-json\/wp\/v2\/product"}],"about":[{"href":"https:\/\/www.promotio.sk\/sk\/wp-json\/wp\/v2\/types\/product"}],"replies":[{"embeddable":true,"href":"https:\/\/www.promotio.sk\/sk\/wp-json\/wp\/v2\/comments?post=14332"}],"wp:featuredmedia":[{"embeddable":true,"href":"https:\/\/www.promotio.sk\/sk\/wp-json\/wp\/v2\/media\/14333"}],"wp:attachment":[{"href":"https:\/\/www.promotio.sk\/sk\/wp-json\/wp\/v2\/media?parent=14332"}],"wp:term":[{"taxonomy":"product_cat","embeddable":true,"href":"https:\/\/www.promotio.sk\/sk\/wp-json\/wp\/v2\/product_cat?post=14332"},{"taxonomy":"product_tag","embeddable":true,"href":"https:\/\/www.promotio.sk\/sk\/wp-json\/wp\/v2\/product_tag?post=14332"}],"curies":[{"name":"wp","href":"https:\/\/api.w.org\/{rel}","templated":true}]}}