{"id":14312,"date":"2024-03-07T18:37:43","date_gmt":"2024-03-07T17:37:43","guid":{"rendered":"https:\/\/www.promotio.sk\/shop\/nezaraden\u00e9\/ruper\/"},"modified":"2024-03-07T20:38:25","modified_gmt":"2024-03-07T19:38:25","slug":"ruper","status":"publish","type":"product","link":"https:\/\/www.promotio.sk\/sk\/shop\/promo-items\/bags_travel\/cooler_bags\/ruper\/","title":{"rendered":"RUPER"},"content":{"rendered":"<p>Chladnej\u0161\u00ed batoh v vresovom dizajne RPET polyester. Priestrann\u00e1 hlavn\u00e1 komora s izotermickou pod\u0161\u00edvkou.<br \/>Zlo\u017eenie: RPET<\/p>","protected":false},"excerpt":{"rendered":"<p>Cooler backpack in heather design RPET polyester. Roomy main compartment with isothermal lining.Composition: RPET<\/p>","protected":false},"featured_media":14313,"comment_status":"open","ping_status":"closed","template":"","meta":[],"product_cat":[298,305],"product_tag":[],"class_list":{"0":"post-14312","1":"product","2":"type-product","3":"status-publish","4":"has-post-thumbnail","6":"product_cat-bags_travel","7":"product_cat-cooler_bags","9":"first","10":"instock","11":"shipping-taxable","12":"purchasable","13":"product-type-variable"},"_links":{"self":[{"href":"https:\/\/www.promotio.sk\/sk\/wp-json\/wp\/v2\/product\/14312","targetHints":{"allow":["GET"]}}],"collection":[{"href":"https:\/\/www.promotio.sk\/sk\/wp-json\/wp\/v2\/product"}],"about":[{"href":"https:\/\/www.promotio.sk\/sk\/wp-json\/wp\/v2\/types\/product"}],"replies":[{"embeddable":true,"href":"https:\/\/www.promotio.sk\/sk\/wp-json\/wp\/v2\/comments?post=14312"}],"wp:featuredmedia":[{"embeddable":true,"href":"https:\/\/www.promotio.sk\/sk\/wp-json\/wp\/v2\/media\/14313"}],"wp:attachment":[{"href":"https:\/\/www.promotio.sk\/sk\/wp-json\/wp\/v2\/media?parent=14312"}],"wp:term":[{"taxonomy":"product_cat","embeddable":true,"href":"https:\/\/www.promotio.sk\/sk\/wp-json\/wp\/v2\/product_cat?post=14312"},{"taxonomy":"product_tag","embeddable":true,"href":"https:\/\/www.promotio.sk\/sk\/wp-json\/wp\/v2\/product_tag?post=14312"}],"curies":[{"name":"wp","href":"https:\/\/api.w.org\/{rel}","templated":true}]}}